{"id":887,"date":"2025-05-15T10:00:41","date_gmt":"2025-05-15T10:00:41","guid":{"rendered":"https:\/\/ar-lab.es\/legal-notice\/"},"modified":"2025-05-27T14:54:09","modified_gmt":"2025-05-27T14:54:09","slug":"legal-notice","status":"publish","type":"page","link":"https:\/\/ar-lab.es\/en\/legal-notice\/","title":{"rendered":"Legal Notice"},"content":{"rendered":"<p>[et_pb_section fb_built=&#8221;1&#8243; theme_builder_area=&#8221;post_content&#8221; _builder_version=&#8221;4.27.4&#8243; _module_preset=&#8221;default&#8221; background_image=&#8221;https:\/\/ar-lab.es\/wp-content\/uploads\/2025\/05\/4.jpg&#8221; hover_enabled=&#8221;0&#8243; sticky_enabled=&#8221;0&#8243;][\/et_pb_section][et_pb_section fb_built=&#8221;1&#8243; theme_builder_area=&#8221;post_content&#8221; _builder_version=&#8221;4.27.4&#8243; _module_preset=&#8221;default&#8221;][et_pb_row _builder_version=&#8221;4.27.4&#8243; _module_preset=&#8221;default&#8221; theme_builder_area=&#8221;post_content&#8221;][et_pb_column _builder_version=&#8221;4.27.4&#8243; _module_preset=&#8221;default&#8221; type=&#8221;4_4&#8243; theme_builder_area=&#8221;post_content&#8221;][et_pb_text _builder_version=&#8221;4.27.4&#8243; _module_preset=&#8221;default&#8221; theme_builder_area=&#8221;post_content&#8221; header_font=&#8221;|300|||||||&#8221; header_font_size=&#8221;40px&#8221; text_font=&#8221;&#8211;et_global_body_font|300|||||||&#8221; hover_enabled=&#8221;0&#8243; sticky_enabled=&#8221;0&#8243;]<\/p>\n<h1>Legal Notice<\/h1>\n<p>&nbsp;<\/p>\n<p>In compliance with the duty of information set forth in Article 10 of Law 34\/2002, of July 11, on Services of the Information Society and Electronic Commerce (LSSICE), the website owner informs you of the following:<\/p>\n<ul>\n<li><strong>Company name:<\/strong> Juana Mar\u00eda Escalas Forteza<\/li>\n<li><strong>Tax ID Number:<\/strong> 18227241V<\/li>\n<li><strong>Address:<\/strong> CALLE DE BERENGUER DE SAN JOAN number 3, 1B, 07012, Balearic Islands, Spain<\/li>\n<\/ul>\n<p>Within the limits established by law, Juana Mar\u00eda Escalas Forteza assumes no responsibility arising from the lack of truthfulness, integrity, updating and accuracy of the data or information contained on its web pages.<\/p>\n<p>The contents and information do not bind Juana Mar\u00eda Escalas Forteza nor constitute opinions, advice or legal counsel of any kind as it is merely a service offered for informative and educational purposes.<\/p>\n<p>The Internet pages of Juana Mar\u00eda Escalas Forteza may contain links to other third-party pages that Juana Mar\u00eda Escalas Forteza cannot control. Therefore, Juana Mar\u00eda Escalas Forteza cannot assume responsibility for the content that may appear on third-party pages. <\/p>\n<p>The texts, images, sounds, animations, software and other contents included in this website are the exclusive property of Juana Mar\u00eda Escalas Forteza | Ar-Lab or its licensors. Any act of transmission, distribution, assignment, reproduction, storage or total or partial public communication must have the express consent of Juana Mar\u00eda Escalas Forteza | Ar-Lab. <\/p>\n<p>Likewise, to access some of the services that Juana Mar\u00eda Escalas Forteza | Ar-Lab offers through the website, you must provide some personal data. In compliance with the provisions of Regulation (EU) 2016\/679 of the European Parliament and of the Council, of April 27, 2016, regarding the protection of natural persons with respect to the processing of personal data and the free circulation of these data, we inform you that, by completing these forms, your personal data will be incorporated and processed in the files of Juana Mar\u00eda Escalas Forteza | Ar-Lab in order to provide and offer our services as well as to inform you of improvements to the Website. <\/p>\n<p>We also inform you that you will have the possibility at all times to exercise the rights of access, rectification, cancellation, opposition, limitation and portability of your personal data, free of charge by email to: escalas@ar-lab.es or at the address: CALLE DE BERENGUER DE SAN JOAN number 3, 1B, 07012, Balearic Islands, Spain.<\/p>\n<p>REV: 20.0211<\/p>\n<p>[\/et_pb_text][\/et_pb_column][\/et_pb_row][\/et_pb_section]<\/p>\n","protected":false},"excerpt":{"rendered":"<p>Legal Notice &nbsp; In compliance with the duty of information set forth in Article 10 of Law 34\/2002, of July 11, on Services of the Information Society and Electronic Commerce (LSSICE), the website owner informs you of the following: Company name: Juana Mar\u00eda Escalas Forteza Tax ID Number: 18227241V Address: CALLE DE BERENGUER DE SAN [&hellip;]<\/p>\n","protected":false},"author":1,"featured_media":0,"parent":0,"menu_order":0,"comment_status":"closed","ping_status":"closed","template":"","meta":{"_et_pb_use_builder":"on","_et_pb_old_content":"","_et_gb_content_width":"","om_disable_all_campaigns":false,"_monsterinsights_skip_tracking":false,"_monsterinsights_sitenote_active":false,"_monsterinsights_sitenote_note":"","_monsterinsights_sitenote_category":0,"footnotes":""},"class_list":["post-887","page","type-page","status-publish","hentry"],"aioseo_notices":[],"_links":{"self":[{"href":"https:\/\/ar-lab.es\/en\/wp-json\/wp\/v2\/pages\/887","targetHints":{"allow":["GET"]}}],"collection":[{"href":"https:\/\/ar-lab.es\/en\/wp-json\/wp\/v2\/pages"}],"about":[{"href":"https:\/\/ar-lab.es\/en\/wp-json\/wp\/v2\/types\/page"}],"author":[{"embeddable":true,"href":"https:\/\/ar-lab.es\/en\/wp-json\/wp\/v2\/users\/1"}],"replies":[{"embeddable":true,"href":"https:\/\/ar-lab.es\/en\/wp-json\/wp\/v2\/comments?post=887"}],"version-history":[{"count":4,"href":"https:\/\/ar-lab.es\/en\/wp-json\/wp\/v2\/pages\/887\/revisions"}],"predecessor-version":[{"id":891,"href":"https:\/\/ar-lab.es\/en\/wp-json\/wp\/v2\/pages\/887\/revisions\/891"}],"wp:attachment":[{"href":"https:\/\/ar-lab.es\/en\/wp-json\/wp\/v2\/media?parent=887"}],"curies":[{"name":"wp","href":"https:\/\/api.w.org\/{rel}","templated":true}]}}