{"id":744,"date":"2025-05-14T11:37:27","date_gmt":"2025-05-14T11:37:27","guid":{"rendered":"https:\/\/ar-lab.es\/studio\/"},"modified":"2025-07-07T13:08:55","modified_gmt":"2025-07-07T13:08:55","slug":"studio","status":"publish","type":"page","link":"https:\/\/ar-lab.es\/de\/studio\/","title":{"rendered":"Studio"},"content":{"rendered":"<p>[et_pb_section fb_built=&#8220;1&#8243; _builder_version=&#8220;4.27.4&#8243; _module_preset=&#8220;default&#8220; custom_padding=&#8220;||0px|||&#8220; global_colors_info=&#8220;{}&#8220;][et_pb_row _builder_version=&#8220;4.27.4&#8243; _module_preset=&#8220;default&#8220; global_colors_info=&#8220;{}&#8220;][et_pb_column type=&#8220;4_4&#8243; _builder_version=&#8220;4.27.4&#8243; _module_preset=&#8220;default&#8220; global_colors_info=&#8220;{}&#8220;][et_pb_text _builder_version=&#8220;4.27.4&#8243; _module_preset=&#8220;default&#8220; header_font=&#8220;&#8211;et_global_heading_font|300||on|||||&#8220; header_text_align=&#8220;center&#8220; border_width_bottom=&#8220;1px&#8220; border_color_bottom=&#8220;rgba(0,0,0,0.25)&#8220; global_colors_info=&#8220;{}&#8220;]<\/p>\n<h1><strong>Ar-Lab Studio |<\/strong> Architektur auf Mallorca<\/h1>\n<p>[\/et_pb_text][\/et_pb_column][\/et_pb_row][et_pb_row _builder_version=&#8220;4.27.4&#8243; _module_preset=&#8220;default&#8220; global_colors_info=&#8220;{}&#8220;][et_pb_column type=&#8220;4_4&#8243; _builder_version=&#8220;4.27.4&#8243; _module_preset=&#8220;default&#8220; global_colors_info=&#8220;{}&#8220;][et_pb_image src=&#8220;https:\/\/ar-lab.es\/wp-content\/uploads\/2025\/05\/DSC_0058-scaled.jpg&#8220; alt=&#8220;Ar-Lab-studio&#8220; title_text=&#8220;Ar-Lab-studio&#8220; _builder_version=&#8220;4.27.4&#8243; _module_preset=&#8220;default&#8220; box_shadow_style=&#8220;preset6&#8243; global_colors_info=&#8220;{}&#8220;][\/et_pb_image][\/et_pb_column][\/et_pb_row][et_pb_row _builder_version=&#8220;4.27.4&#8243; _module_preset=&#8220;default&#8220; global_colors_info=&#8220;{}&#8220;][et_pb_column type=&#8220;4_4&#8243; _builder_version=&#8220;4.27.4&#8243; _module_preset=&#8220;default&#8220; global_colors_info=&#8220;{}&#8220;][et_pb_text _builder_version=&#8220;4.27.4&#8243; _module_preset=&#8220;default&#8220; text_font=&#8220;&#8211;et_global_body_font|300|||||||&#8220; text_font_size=&#8220;18px&#8220; global_colors_info=&#8220;{}&#8220;]<\/p>\n<p>AR-LAB ist ein im Zentrum von Palma de Mallorca ans\u00e4ssiges Architekturb\u00fcro, das einen umfassenden Betreuungs- und Managementservice w\u00e4hrend des gesamten Bauprozesses anbietet, sowohl bei Neubauten als auch bei Renovierungsarbeiten, von Vorstudien \u00fcber alle Phasen des Projekts bis hin zur Koordination der Arbeiten, Innenarchitektur, Landschaftsgestaltung, Vermittlung mit Gemeinden und \u00f6ffentlichen Einrichtungen.<\/p>\n<p>Wir arbeiten mit einem soliden Netzwerk von spezialisierten Technikern in allen<br \/>Bereichen, wie Ingenieuren, Bauleitern, Geologen, Bauunternehmern,<br \/>Installateuren, Tischlern, G\u00e4rtnern und anderen Gewerken.<\/p>\n<p><strong><span style=\"color: #7eb199;\">\u201cThere is no more difficult art to acquire than the art of observation\u201d William Osler <\/span><\/strong><\/p>\n<p>Unsere Projekte entstehen aus der Observierung. Wir observieren den Ort, das<br \/>Licht und die Farben, lassen die Ger\u00e4usche und die Ger\u00fcche auf uns wirken. Wir<br \/>analysieren die Topografie und die M\u00f6glichkeiten, die der Ort bietet. Wir<br \/>reflektieren \u00fcber die Bed\u00fcrfnisse und h\u00f6ren die W\u00fcnsche der Bewohner. Wir<br \/>erkennen und sch\u00e4tzen den Bestand und studieren die Traditionen der<br \/>Umgebung.<br \/>Auf der Analyse basierend entwickeln wir ein Konzept und erstellen Regeln, die<br \/>uns zu einzigartigen, in die Umgebung eingef\u00fcgten Projekten f\u00fchren.<br \/>Wir suchen die Interaktion mit der Natur, das nat\u00fcrliche Licht, die Kontinuit\u00e4t von<br \/>Innen- und Au\u00dfenraum, den \u00dcberraschungseffekt, r\u00e4umliche Sensationen, die<br \/>Fusion traditioneller Elemente mit modernen Elementen. Unser Bestreben<br \/>spiegelt sich sowohl im Gesamtdesign als auch in der Detailplanung wider.       <\/p>\n<p>[\/et_pb_text][\/et_pb_column][\/et_pb_row][et_pb_row column_structure=&#8220;1_2,1_2&#8243; _builder_version=&#8220;4.27.4&#8243; _module_preset=&#8220;default&#8220; global_colors_info=&#8220;{}&#8220;][et_pb_column type=&#8220;1_2&#8243; _builder_version=&#8220;4.27.4&#8243; _module_preset=&#8220;default&#8220; global_colors_info=&#8220;{}&#8220;][et_pb_text _builder_version=&#8220;4.27.4&#8243; _module_preset=&#8220;default&#8220; text_font=&#8220;|300|||||||&#8220; header_2_font=&#8220;&#8211;et_global_heading_font|||on|||||&#8220; header_2_text_color=&#8220;#7EB199&#8243; header_2_font_size=&#8220;24px&#8220; custom_padding=&#8220;22px||22px|35px|true|false&#8220; border_width_all=&#8220;1px&#8220; border_color_all=&#8220;rgba(0,0,0,0.45)&#8220; global_colors_info=&#8220;{}&#8220;]<\/p>\n<h2>Joana Escalas Forteza<\/h2>\n<p>ARQUITECTA COL. 52795<\/p>\n<p>Santany\u00ed, Mallorca 1977<\/p>\n<p>ETSAB Barcelona<\/p>\n<p>[\/et_pb_text][et_pb_social_media_follow _builder_version=&#8220;4.27.4&#8243; _module_preset=&#8220;default&#8220; global_colors_info=&#8220;{}&#8220;][et_pb_social_media_follow_network social_network=&#8220;linkedin&#8220; url=&#8220;https:\/\/www.linkedin.com\/in\/joana-escalas-forteza-94796728\/?originalSubdomain=es&#8220; icon_color=&#8220;#FFFFFF&#8220; use_icon_font_size=&#8220;on&#8220; _builder_version=&#8220;4.27.4&#8243; _module_preset=&#8220;default&#8220; background_color=&#8220;#7EB199&#8243; background_enable_color=&#8220;on&#8220; global_colors_info=&#8220;{}&#8220; follow_button=&#8220;off&#8220; url_new_window=&#8220;on&#8220;]linkedin[\/et_pb_social_media_follow_network][\/et_pb_social_media_follow][\/et_pb_column][et_pb_column type=&#8220;1_2&#8243; _builder_version=&#8220;4.27.4&#8243; _module_preset=&#8220;default&#8220; global_colors_info=&#8220;{}&#8220;][et_pb_text _builder_version=&#8220;4.27.4&#8243; _module_preset=&#8220;default&#8220; text_font=&#8220;|300|||||||&#8220; header_2_font=&#8220;&#8211;et_global_heading_font|||on|||||&#8220; header_2_text_color=&#8220;#7EB199&#8243; header_2_font_size=&#8220;24px&#8220; custom_padding=&#8220;22px||22px|35px|false|false&#8220; border_width_all=&#8220;1px&#8220; border_color_all=&#8220;rgba(0,0,0,0.49)&#8220; global_colors_info=&#8220;{}&#8220;]<\/p>\n<h2>Karen Schwartz<\/h2>\n<p>ARQUITECTA COL. 710024<\/p>\n<p>Kiel, Alemania 1978<\/p>\n<p>ETSAV Valencia<\/p>\n<p>[\/et_pb_text][et_pb_social_media_follow _builder_version=&#8220;4.27.4&#8243; _module_preset=&#8220;default&#8220; global_colors_info=&#8220;{}&#8220;][et_pb_social_media_follow_network social_network=&#8220;linkedin&#8220; url=&#8220;https:\/\/www.linkedin.com\/in\/karen-schwartz-91514b152\/?originalSubdomain=es&#8220; icon_color=&#8220;#FFFFFF&#8220; use_icon_font_size=&#8220;on&#8220; _builder_version=&#8220;4.27.4&#8243; _module_preset=&#8220;default&#8220; background_color=&#8220;#7EB199&#8243; background_enable_color=&#8220;on&#8220; global_colors_info=&#8220;{}&#8220; follow_button=&#8220;off&#8220; url_new_window=&#8220;on&#8220;]linkedin[\/et_pb_social_media_follow_network][\/et_pb_social_media_follow][\/et_pb_column][\/et_pb_row][\/et_pb_section][et_pb_section fb_built=&#8220;1&#8243; _builder_version=&#8220;4.27.4&#8243; _module_preset=&#8220;default&#8220; custom_padding=&#8220;||23px|||&#8220; global_colors_info=&#8220;{}&#8220;][et_pb_row _builder_version=&#8220;4.27.4&#8243; _module_preset=&#8220;default&#8220; global_colors_info=&#8220;{}&#8220;][et_pb_column type=&#8220;4_4&#8243; _builder_version=&#8220;4.27.4&#8243; _module_preset=&#8220;default&#8220; global_colors_info=&#8220;{}&#8220;][et_pb_text _builder_version=&#8220;4.27.4&#8243; _module_preset=&#8220;default&#8220; header_font=&#8220;&#8211;et_global_heading_font|300||on|||||&#8220; header_text_align=&#8220;center&#8220; header_2_font=&#8220;|||on|||||&#8220; header_2_text_align=&#8220;center&#8220; border_width_bottom=&#8220;1px&#8220; border_color_bottom=&#8220;rgba(0,0,0,0.25)&#8220; global_colors_info=&#8220;{}&#8220;]<\/p>\n<h2>Partner | Ar-LAB Architekturb\u00fcro in Palma<\/h2>\n<p>[\/et_pb_text][\/et_pb_column][\/et_pb_row][et_pb_row column_structure=&#8220;2_5,3_5&#8243; _builder_version=&#8220;4.27.4&#8243; _module_preset=&#8220;default&#8220; global_colors_info=&#8220;{}&#8220;][et_pb_column type=&#8220;2_5&#8243; _builder_version=&#8220;4.27.4&#8243; _module_preset=&#8220;default&#8220; global_colors_info=&#8220;{}&#8220;][et_pb_image src=&#8220;https:\/\/ar-lab.es\/wp-content\/uploads\/2025\/05\/javier-1-scaled.jpg&#8220; alt=&#8220;javier-colaborador-ar-lab&#8220; title_text=&#8220;javier-colaborador-ar-lab&#8220; _builder_version=&#8220;4.27.4&#8243; _module_preset=&#8220;default&#8220; box_shadow_style=&#8220;preset1&#8243; global_colors_info=&#8220;{}&#8220;][\/et_pb_image][\/et_pb_column][et_pb_column type=&#8220;3_5&#8243; _builder_version=&#8220;4.27.4&#8243; _module_preset=&#8220;default&#8220; global_colors_info=&#8220;{}&#8220;][et_pb_text _builder_version=&#8220;4.27.4&#8243; _module_preset=&#8220;default&#8220; text_font=&#8220;&#8211;et_global_body_font|300|||||||&#8220; text_font_size=&#8220;18px&#8220; text_line_height=&#8220;2.3em&#8220; header_3_font=&#8220;|600|||||||&#8220; header_3_line_height=&#8220;0.6em&#8220; custom_margin=&#8220;||5px|||&#8220; global_colors_info=&#8220;{}&#8220;]<\/p>\n<h3>JAVIER MARSAL SICART<\/h3>\n<p>Bauleiter<\/p>\n<p>[\/et_pb_text][et_pb_text _builder_version=&#8220;4.27.4&#8243; _module_preset=&#8220;default&#8220; text_font=&#8220;&#8211;et_global_body_font|300|||||||&#8220; text_font_size=&#8220;18px&#8220; text_line_height=&#8220;2.3em&#8220; global_colors_info=&#8220;{}&#8220;]<\/p>\n<p><span style=\"color: #7eb199;\"><strong>Welche Dienstleistungen bietet sie an?<\/strong><\/span><\/p>\n<ul>\n<li>Ausf\u00fchrungsmanagement f\u00fcr Neubau, Sanierung und Renovierung.<\/li>\n<li>Erstellung von Budgets in der Projekt- und Ausf\u00fchrungsphase.<\/li>\n<li>Ausschreibungen.<\/li>\n<li>Wirtschaftliche Kontrolle der Arbeiten.<\/li>\n<li>Integrierte technische Projektleitung.<\/li>\n<\/ul>\n<p>[\/et_pb_text][\/et_pb_column][\/et_pb_row][et_pb_row column_structure=&#8220;3_5,2_5&#8243; _builder_version=&#8220;4.27.4&#8243; _module_preset=&#8220;default&#8220; border_width_bottom=&#8220;1px&#8220; border_color_bottom=&#8220;#1c1c1c&#8220; global_colors_info=&#8220;{}&#8220;][et_pb_column type=&#8220;3_5&#8243; _builder_version=&#8220;4.27.4&#8243; _module_preset=&#8220;default&#8220; global_colors_info=&#8220;{}&#8220;][et_pb_text _builder_version=&#8220;4.27.4&#8243; _module_preset=&#8220;default&#8220; text_font=&#8220;&#8211;et_global_body_font|300|||||||&#8220; text_font_size=&#8220;18px&#8220; text_line_height=&#8220;2.3em&#8220; header_3_font=&#8220;|600|||||||&#8220; header_3_line_height=&#8220;0.6em&#8220; custom_margin=&#8220;||5px|||&#8220; custom_padding=&#8220;11px|||||&#8220; global_colors_info=&#8220;{}&#8220;]<\/p>\n<h3>PERE CASAS MIRALLES<\/h3>\n<p>Bauleiter<\/p>\n<p>[\/et_pb_text][et_pb_text _builder_version=&#8220;4.27.4&#8243; _module_preset=&#8220;default&#8220; text_font=&#8220;&#8211;et_global_body_font|300|||||||&#8220; text_font_size=&#8220;18px&#8220; text_line_height=&#8220;2.3em&#8220; global_colors_info=&#8220;{}&#8220;]<\/p>\n<p><span style=\"color: #7eb199;\"><strong>Welche Dienstleistungen bietet sie an?<\/strong><\/span><\/p>\n<ul>\n<li>Bauleitung und -\u00fcberwachung: Ausf\u00fchrungskontrolle, Planung und Kosten\u00fcberwachung.<\/li>\n<li>Redacci\u00f3n de estados de mediciones y documentaci\u00f3n t\u00e9cnica.<\/li>\n<li>Erstellung von technischen Bauaufsichtsberichten (ITE).<\/li>\n<\/ul>\n<p>[\/et_pb_text][\/et_pb_column][et_pb_column type=&#8220;2_5&#8243; _builder_version=&#8220;4.27.4&#8243; _module_preset=&#8220;default&#8220; global_colors_info=&#8220;{}&#8220;][et_pb_image src=&#8220;https:\/\/ar-lab.es\/wp-content\/uploads\/2025\/05\/Pere-1-scaled.jpg&#8220; alt=&#8220;Pere-colaborador-ar-lab&#8220; title_text=&#8220;Pere-colaborador-ar-lab&#8220; _builder_version=&#8220;4.27.4&#8243; _module_preset=&#8220;default&#8220; box_shadow_style=&#8220;preset1&#8243; global_colors_info=&#8220;{}&#8220;][\/et_pb_image][\/et_pb_column][\/et_pb_row][et_pb_row _builder_version=&#8220;4.27.4&#8243; _module_preset=&#8220;default&#8220; custom_padding=&#8220;||32px|||&#8220; global_colors_info=&#8220;{}&#8220;][et_pb_column type=&#8220;4_4&#8243; _builder_version=&#8220;4.27.4&#8243; _module_preset=&#8220;default&#8220; global_colors_info=&#8220;{}&#8220;][wdcl_image_carousel nav_pagi=&#8220;nav_pagi&#8220; slide_spacing=&#8220;6px&#8220; arrow_color=&#8220;#7EB199&#8243; arrow_bg=&#8220;#FFFFFF&#8220; arrow_border_color=&#8220;#7EB199&#8243; icon_left=&#8220;&#xf104;||fa||900&#8243; icon_right=&#8220;&#xf105;||fa||900&#8243; _builder_version=&#8220;4.27.4&#8243; _module_preset=&#8220;default&#8220; global_colors_info=&#8220;{}&#8220; custom_margin=&#8220;||14px|||&#8220; custom_padding=&#8220;||14px|||&#8220;][wdcl_image_carousel_child photo=&#8220;https:\/\/ar-lab.es\/wp-content\/uploads\/2025\/05\/14.png&#8220; _builder_version=&#8220;4.27.4&#8243; _module_preset=&#8220;default&#8220; global_colors_info=&#8220;{}&#8220;][\/wdcl_image_carousel_child][wdcl_image_carousel_child photo=&#8220;https:\/\/ar-lab.es\/wp-content\/uploads\/2025\/05\/17.png&#8220; _builder_version=&#8220;4.27.4&#8243; _module_preset=&#8220;default&#8220; global_colors_info=&#8220;{}&#8220;][\/wdcl_image_carousel_child][wdcl_image_carousel_child photo=&#8220;https:\/\/ar-lab.es\/wp-content\/uploads\/2025\/05\/18.png&#8220; _builder_version=&#8220;4.27.4&#8243; _module_preset=&#8220;default&#8220; global_colors_info=&#8220;{}&#8220;][\/wdcl_image_carousel_child][wdcl_image_carousel_child photo=&#8220;https:\/\/ar-lab.es\/wp-content\/uploads\/2025\/05\/21.png&#8220; _builder_version=&#8220;4.27.4&#8243; _module_preset=&#8220;default&#8220; global_colors_info=&#8220;{}&#8220;][\/wdcl_image_carousel_child][wdcl_image_carousel_child photo=&#8220;https:\/\/ar-lab.es\/wp-content\/uploads\/2025\/05\/15.png&#8220; _builder_version=&#8220;4.27.4&#8243; _module_preset=&#8220;default&#8220; global_colors_info=&#8220;{}&#8220;][\/wdcl_image_carousel_child][wdcl_image_carousel_child photo=&#8220;https:\/\/ar-lab.es\/wp-content\/uploads\/2025\/05\/20.png&#8220; _builder_version=&#8220;4.27.4&#8243; _module_preset=&#8220;default&#8220; global_colors_info=&#8220;{}&#8220;][\/wdcl_image_carousel_child][wdcl_image_carousel_child photo=&#8220;https:\/\/ar-lab.es\/wp-content\/uploads\/2025\/05\/19.png&#8220; _builder_version=&#8220;4.27.4&#8243; _module_preset=&#8220;default&#8220; global_colors_info=&#8220;{}&#8220;][\/wdcl_image_carousel_child][wdcl_image_carousel_child photo=&#8220;https:\/\/ar-lab.es\/wp-content\/uploads\/2025\/05\/11.png&#8220; _builder_version=&#8220;4.27.4&#8243; _module_preset=&#8220;default&#8220; global_colors_info=&#8220;{}&#8220;][\/wdcl_image_carousel_child][wdcl_image_carousel_child photo=&#8220;https:\/\/ar-lab.es\/wp-content\/uploads\/2025\/05\/22.png&#8220; _builder_version=&#8220;4.27.4&#8243; _module_preset=&#8220;default&#8220; global_colors_info=&#8220;{}&#8220;][\/wdcl_image_carousel_child][wdcl_image_carousel_child photo=&#8220;https:\/\/ar-lab.es\/wp-content\/uploads\/2025\/05\/25.png&#8220; _builder_version=&#8220;4.27.4&#8243; _module_preset=&#8220;default&#8220; global_colors_info=&#8220;{}&#8220;][\/wdcl_image_carousel_child][wdcl_image_carousel_child photo=&#8220;https:\/\/ar-lab.es\/wp-content\/uploads\/2025\/05\/13.png&#8220; _builder_version=&#8220;4.27.4&#8243; _module_preset=&#8220;default&#8220; global_colors_info=&#8220;{}&#8220;][\/wdcl_image_carousel_child][wdcl_image_carousel_child photo=&#8220;https:\/\/ar-lab.es\/wp-content\/uploads\/2025\/05\/12.png&#8220; _builder_version=&#8220;4.27.4&#8243; _module_preset=&#8220;default&#8220; global_colors_info=&#8220;{}&#8220;][\/wdcl_image_carousel_child][\/wdcl_image_carousel][\/et_pb_column][\/et_pb_row][et_pb_row column_structure=&#8220;1_2,1_2&#8243; _builder_version=&#8220;4.27.4&#8243; _module_preset=&#8220;default&#8220; custom_margin=&#8220;6px|auto||auto||&#8220; global_colors_info=&#8220;{}&#8220;][et_pb_column type=&#8220;1_2&#8243; _builder_version=&#8220;4.27.4&#8243; _module_preset=&#8220;default&#8220; global_colors_info=&#8220;{}&#8220;][et_pb_button button_url=&#8220;https:\/\/ar-lab.es\/de\/kontakt\/&#8220; url_new_window=&#8220;on&#8220; button_text=&#8220;Kontakt&#8220; button_alignment=&#8220;right&#8220; _builder_version=&#8220;4.27.4&#8243; _module_preset=&#8220;default&#8220; custom_button=&#8220;on&#8220; button_text_size=&#8220;18px&#8220; button_border_width=&#8220;2px&#8220; button_border_color=&#8220;#7EB199&#8243; button_border_radius=&#8220;2px&#8220; button_font=&#8220;&#8211;et_global_body_font|300|||||||&#8220; button_icon=&#8220;&#xf5ae;||fa||900&#8243; hover_enabled=&#8220;0&#8243; global_colors_info=&#8220;{}&#8220; button_text_color__hover_enabled=&#8220;on|hover&#8220; button_text_color__hover=&#8220;#FFFFFF&#8220; button_bg_color__hover_enabled=&#8220;on|hover&#8220; button_bg_color__hover=&#8220;#7EB199&#8243; button_bg_enable_color__hover=&#8220;on&#8220; button_border_width__hover_enabled=&#8220;on|hover&#8220; button_border_color__hover_enabled=&#8220;on|desktop&#8220; button_border_radius__hover_enabled=&#8220;on|desktop&#8220; button_border_width__hover=&#8220;2px&#8220; button_border_color__hover=&#8220;#7EB199&#8243; button_border_radius__hover=&#8220;2px&#8220; button_alignment_last_edited=&#8220;on|phone&#8220; button_alignment_phone=&#8220;center&#8220; sticky_enabled=&#8220;0&#8243; button_alignment_tablet=&#8220;right&#8220;][\/et_pb_button][\/et_pb_column][et_pb_column type=&#8220;1_2&#8243; _builder_version=&#8220;4.27.4&#8243; _module_preset=&#8220;default&#8220; global_colors_info=&#8220;{}&#8220;][et_pb_button button_url=&#8220;https:\/\/ar-lab.es\/de\/projekte\/&#8220; url_new_window=&#8220;on&#8220; button_text=&#8220;Entdecken Sie unsere neuesten Projekte&#8220; button_alignment=&#8220;left&#8220; _builder_version=&#8220;4.27.4&#8243; _module_preset=&#8220;default&#8220; custom_button=&#8220;on&#8220; button_text_color=&#8220;#FFFFFF&#8220; button_bg_color=&#8220;#7EB199&#8243; button_border_width=&#8220;0px&#8220; button_border_radius=&#8220;2px&#8220; button_font=&#8220;|300|||||||&#8220; button_icon=&#8220;&#xf6d9;||fa||900&#8243; hover_enabled=&#8220;0&#8243; global_colors_info=&#8220;{}&#8220; button_text_color__hover_enabled=&#8220;on|desktop&#8220; button_bg_color__hover_enabled=&#8220;on|hover&#8220; button_bg_color__hover=&#8220;#FFFFFF&#8220; button_bg_enable_color__hover=&#8220;on&#8220; button_text_color__hover=&#8220;#7EB199&#8243; button_border_color__hover_enabled=&#8220;on|desktop&#8220; button_border_width__hover_enabled=&#8220;on|hover&#8220; button_border_width__hover=&#8220;2px&#8220; button_border_color__hover=&#8220;#7EB199&#8243; button_text_last_edited=&#8220;on|phone&#8220; button_text_phone=&#8220;Neueste Projekte&#8220; button_alignment_last_edited=&#8220;on|phone&#8220; button_alignment_phone=&#8220;center&#8220; sticky_enabled=&#8220;0&#8243; button_text_tablet=&#8220;Entdecken Sie unsere neuesten Projekte&#8220; button_alignment_tablet=&#8220;left&#8220;][\/et_pb_button][\/et_pb_column][\/et_pb_row][\/et_pb_section]<\/p>\n","protected":false},"excerpt":{"rendered":"<p>Ar-Lab Studio | Architektur auf MallorcaAR-LAB ist ein im Zentrum von Palma de Mallorca ans\u00e4ssiges Architekturb\u00fcro, das einen umfassenden Betreuungs- und Managementservice w\u00e4hrend des gesamten Bauprozesses anbietet, sowohl bei Neubauten als auch bei Renovierungsarbeiten, von Vorstudien \u00fcber alle Phasen des Projekts bis hin zur Koordination der Arbeiten, Innenarchitektur, Landschaftsgestaltung, Vermittlung mit Gemeinden und \u00f6ffentlichen Einrichtungen. [&hellip;]<\/p>\n","protected":false},"author":1,"featured_media":0,"parent":0,"menu_order":0,"comment_status":"closed","ping_status":"closed","template":"","meta":{"_et_pb_use_builder":"on","_et_pb_old_content":"","_et_gb_content_width":"","om_disable_all_campaigns":false,"_monsterinsights_skip_tracking":false,"_monsterinsights_sitenote_active":false,"_monsterinsights_sitenote_note":"","_monsterinsights_sitenote_category":0,"footnotes":""},"class_list":["post-744","page","type-page","status-publish","hentry"],"aioseo_notices":[],"_links":{"self":[{"href":"https:\/\/ar-lab.es\/de\/wp-json\/wp\/v2\/pages\/744","targetHints":{"allow":["GET"]}}],"collection":[{"href":"https:\/\/ar-lab.es\/de\/wp-json\/wp\/v2\/pages"}],"about":[{"href":"https:\/\/ar-lab.es\/de\/wp-json\/wp\/v2\/types\/page"}],"author":[{"embeddable":true,"href":"https:\/\/ar-lab.es\/de\/wp-json\/wp\/v2\/users\/1"}],"replies":[{"embeddable":true,"href":"https:\/\/ar-lab.es\/de\/wp-json\/wp\/v2\/comments?post=744"}],"version-history":[{"count":24,"href":"https:\/\/ar-lab.es\/de\/wp-json\/wp\/v2\/pages\/744\/revisions"}],"predecessor-version":[{"id":2505,"href":"https:\/\/ar-lab.es\/de\/wp-json\/wp\/v2\/pages\/744\/revisions\/2505"}],"wp:attachment":[{"href":"https:\/\/ar-lab.es\/de\/wp-json\/wp\/v2\/media?parent=744"}],"curies":[{"name":"wp","href":"https:\/\/api.w.org\/{rel}","templated":true}]}}