{"id":730,"date":"2025-05-22T15:24:30","date_gmt":"2025-05-22T15:24:30","guid":{"rendered":"https:\/\/ar-lab.es\/haus-v\/"},"modified":"2025-07-07T12:59:47","modified_gmt":"2025-07-07T12:59:47","slug":"haus-v","status":"publish","type":"page","link":"https:\/\/ar-lab.es\/de\/haus-v\/","title":{"rendered":"Haus V"},"content":{"rendered":"<p>[et_pb_section fb_built=&#8220;1&#8243; _builder_version=&#8220;4.27.4&#8243; _module_preset=&#8220;default&#8220; use_background_color_gradient=&#8220;on&#8220; background_color_gradient_type=&#8220;conic&#8220; background_color_gradient_stops=&#8220;#0a0a0a 0%|#8e8e8e 100%&#8220; background_image=&#8220;https:\/\/ar-lab.es\/wp-content\/uploads\/2025\/06\/arlab-estudio-arquitectura-mallorca-proyecto-casa-v-3.png&#8220; background_blend=&#8220;soft-light&#8220; custom_padding=&#8220;30px||30px||true|&#8220; global_colors_info=&#8220;{}&#8220;][et_pb_row _builder_version=&#8220;4.27.4&#8243; _module_preset=&#8220;default&#8220; global_colors_info=&#8220;{}&#8220;][et_pb_column type=&#8220;4_4&#8243; _builder_version=&#8220;4.27.4&#8243; _module_preset=&#8220;default&#8220; global_colors_info=&#8220;{}&#8220;][et_pb_text _builder_version=&#8220;4.27.4&#8243; _module_preset=&#8220;default&#8220; header_font=&#8220;&#8211;et_global_heading_font|300||on|||||&#8220; header_text_color=&#8220;#FFFFFF&#8220; header_font_size=&#8220;40px&#8220; global_colors_info=&#8220;{}&#8220;]<\/p>\n<h1>Projekt &#8211; <strong>haus v<\/strong><\/h1>\n<p>[\/et_pb_text][\/et_pb_column][\/et_pb_row][\/et_pb_section][et_pb_section fb_built=&#8220;1&#8243; _builder_version=&#8220;4.27.4&#8243; _module_preset=&#8220;default&#8220; custom_padding=&#8220;30px|||||&#8220; global_colors_info=&#8220;{}&#8220;][et_pb_row column_structure=&#8220;1_3,2_3&#8243; use_custom_gutter=&#8220;on&#8220; gutter_width=&#8220;2&#8243; _builder_version=&#8220;4.27.4&#8243; _module_preset=&#8220;default&#8220; width=&#8220;90%&#8220; max_width=&#8220;90%&#8220; global_colors_info=&#8220;{}&#8220;][et_pb_column type=&#8220;1_3&#8243; _builder_version=&#8220;4.27.4&#8243; _module_preset=&#8220;default&#8220; global_colors_info=&#8220;{}&#8220;][et_pb_text _builder_version=&#8220;4.27.4&#8243; _module_preset=&#8220;default&#8220; text_font=&#8220;&#8211;et_global_body_font|300|||||||&#8220; custom_margin=&#8220;-3px|-2px|||false|false&#8220; scroll_vertical_motion=&#8220;0|70|70|100|0|0|15&#8243; global_colors_info=&#8220;{}&#8220;]<\/p>\n<h2><strong>Neubauprojekt Einfamilienhaus mit Pool<\/strong><\/h2>\n<p><span style=\"color: #7eb199;\"><strong>Standort<\/strong><\/span>: Valencia<\/p>\n<p>Die Immobilie befindet sich in der Urbanisation Santa B\u00e1rbara, einer gehobenen Wohngegend. Geplant ist ein modernes V-f\u00f6rmiges Geb\u00e4ude, das den Tag- und den Nachtbereich trennt.<\/p>\n<p>In einem Fl\u00fcgel entfaltet sich das Tagesprogramm \u00fcber zwei Etagen und schafft einen attraktiven Raum mit einem Luftraum \u00fcber dem Essbereich. . Zus\u00e4tzlich ist eine kleine Galerie integriert, von der man die weite Aussicht genie\u00dfen kann.<\/p>\n<p>Im anderen Fl\u00fcgel sind die Schlafzimmer und B\u00e4der auf einer Etage verteilt.<\/p>\n<p>Jedem Bad ist ein privater Patio zugeordnet, wodurch die B\u00e4der Licht, Ruhe und Weite erhalten.<\/p>\n<p>Die Verwendung verschiedener Natursteine bereichert das Projekt im Innen- und Aussenraum.<\/p>\n<p>[\/et_pb_text][et_pb_button button_url=&#8220;https:\/\/ar-lab.es\/de\/kontakt\/&#8220; url_new_window=&#8220;on&#8220; button_text=&#8220;kontaktieren Sie uns&#8220; _builder_version=&#8220;4.27.4&#8243; _module_preset=&#8220;default&#8220; custom_button=&#8220;on&#8220; button_text_size=&#8220;18px&#8220; button_border_width=&#8220;2px&#8220; button_border_color=&#8220;#7EB199&#8243; button_border_radius=&#8220;2px&#8220; button_font=&#8220;&#8211;et_global_body_font|300||on|||||&#8220; button_icon=&#8220;&#xf5ae;||fa||900&#8243; global_colors_info=&#8220;{}&#8220; button_text_color__hover_enabled=&#8220;on|hover&#8220; button_text_color__hover=&#8220;#FFFFFF&#8220; button_bg_color__hover_enabled=&#8220;on|hover&#8220; button_bg_color__hover=&#8220;#7EB199&#8243; button_bg_enable_color__hover=&#8220;on&#8220; button_border_width__hover_enabled=&#8220;on|hover&#8220; button_border_color__hover_enabled=&#8220;on|desktop&#8220; button_border_radius__hover_enabled=&#8220;on|desktop&#8220; button_border_width__hover=&#8220;2px&#8220; button_border_color__hover=&#8220;#7EB199&#8243; button_border_radius__hover=&#8220;2px&#8220;][\/et_pb_button][\/et_pb_column][et_pb_column type=&#8220;2_3&#8243; _builder_version=&#8220;4.27.4&#8243; _module_preset=&#8220;default&#8220; global_colors_info=&#8220;{}&#8220;][et_pb_image src=&#8220;https:\/\/ar-lab.es\/wp-content\/uploads\/2025\/06\/destacadaV.jpg&#8220; title_text=&#8220;destacadaV&#8220; _builder_version=&#8220;4.27.4&#8243; _module_preset=&#8220;default&#8220; global_colors_info=&#8220;{}&#8220;][\/et_pb_image][et_pb_image src=&#8220;https:\/\/ar-lab.es\/wp-content\/uploads\/2025\/06\/05casaV-scaled.jpg&#8220; title_text=&#8220;05casaV&#8220; _builder_version=&#8220;4.27.4&#8243; _module_preset=&#8220;default&#8220; global_colors_info=&#8220;{}&#8220;][\/et_pb_image][et_pb_image src=&#8220;https:\/\/ar-lab.es\/wp-content\/uploads\/2025\/06\/04casaV-scaled.jpg&#8220; title_text=&#8220;04casaV&#8220; _builder_version=&#8220;4.27.4&#8243; _module_preset=&#8220;default&#8220; global_colors_info=&#8220;{}&#8220;][\/et_pb_image][et_pb_image src=&#8220;https:\/\/ar-lab.es\/wp-content\/uploads\/2025\/06\/03casaV-scaled.jpg&#8220; alt=&#8220;arlab-estudio-arquitectura-mallorca-proyecto-casa-v-2&#8243; title_text=&#8220;03casaV&#8220; _builder_version=&#8220;4.27.4&#8243; _module_preset=&#8220;default&#8220; global_colors_info=&#8220;{}&#8220;][\/et_pb_image][et_pb_image src=&#8220;https:\/\/ar-lab.es\/wp-content\/uploads\/2025\/06\/02casaV-scaled.jpg&#8220; alt=&#8220;arlab-estudio-arquitectura-mallorca-proyecto-casa-v-4&#8243; title_text=&#8220;02casaV&#8220; _builder_version=&#8220;4.27.4&#8243; _module_preset=&#8220;default&#8220; global_colors_info=&#8220;{}&#8220;][\/et_pb_image][et_pb_image src=&#8220;https:\/\/ar-lab.es\/wp-content\/uploads\/2025\/06\/01casaV-scaled.jpg&#8220; alt=&#8220;arlab-estudio-arquitectura-mallorca-proyecto-casa-v-5&#8243; title_text=&#8220;01casaV&#8220; _builder_version=&#8220;4.27.4&#8243; _module_preset=&#8220;default&#8220; global_colors_info=&#8220;{}&#8220;][\/et_pb_image][et_pb_image src=&#8220;https:\/\/ar-lab.es\/wp-content\/uploads\/2025\/06\/destacadaV.jpg&#8220; alt=&#8220;arlab-estudio-arquitectura-mallorca-proyecto-casa-v-6&#8243; title_text=&#8220;destacadaV&#8220; _builder_version=&#8220;4.27.4&#8243; _module_preset=&#8220;default&#8220; global_colors_info=&#8220;{}&#8220;][\/et_pb_image][et_pb_image src=&#8220;https:\/\/ar-lab.es\/wp-content\/uploads\/2025\/06\/10casaV-scaled.jpg&#8220; alt=&#8220;arlab-estudio-arquitectura-mallorca-proyecto-casa-v-7&#8243; title_text=&#8220;10casaV&#8220; _builder_version=&#8220;4.27.4&#8243; _module_preset=&#8220;default&#8220; global_colors_info=&#8220;{}&#8220;][\/et_pb_image][et_pb_image src=&#8220;https:\/\/ar-lab.es\/wp-content\/uploads\/2025\/06\/09casaV-scaled.jpg&#8220; alt=&#8220;arlab-estudio-arquitectura-mallorca-proyecto-casa-v-8&#8243; title_text=&#8220;09casaV&#8220; _builder_version=&#8220;4.27.4&#8243; _module_preset=&#8220;default&#8220; global_colors_info=&#8220;{}&#8220;][\/et_pb_image][et_pb_image src=&#8220;https:\/\/ar-lab.es\/wp-content\/uploads\/2025\/06\/08casaV-scaled.jpg&#8220; alt=&#8220;arlab-estudio-arquitectura-mallorca-proyecto-casa-v-9&#8243; title_text=&#8220;08casaV&#8220; _builder_version=&#8220;4.27.4&#8243; _module_preset=&#8220;default&#8220; global_colors_info=&#8220;{}&#8220;][\/et_pb_image][et_pb_image src=&#8220;https:\/\/ar-lab.es\/wp-content\/uploads\/2025\/06\/07casaV-scaled.jpg&#8220; alt=&#8220;arlab-estudio-arquitectura-mallorca-proyecto-casa-v-10&#8243; title_text=&#8220;07casaV&#8220; _builder_version=&#8220;4.27.4&#8243; _module_preset=&#8220;default&#8220; global_colors_info=&#8220;{}&#8220;][\/et_pb_image][\/et_pb_column][\/et_pb_row][\/et_pb_section]<\/p>\n","protected":false},"excerpt":{"rendered":"<p>Projekt &#8211; haus vNeubauprojekt Einfamilienhaus mit Pool Standort: Valencia Die Immobilie befindet sich in der Urbanisation Santa B\u00e1rbara, einer gehobenen Wohngegend. Geplant ist ein modernes V-f\u00f6rmiges Geb\u00e4ude, das den Tag- und den Nachtbereich trennt. In einem Fl\u00fcgel entfaltet sich das Tagesprogramm \u00fcber zwei Etagen und schafft einen attraktiven Raum mit einem Luftraum \u00fcber dem Essbereich. [&hellip;]<\/p>\n","protected":false},"author":1,"featured_media":0,"parent":0,"menu_order":0,"comment_status":"closed","ping_status":"closed","template":"","meta":{"_et_pb_use_builder":"on","_et_pb_old_content":"","_et_gb_content_width":"","om_disable_all_campaigns":false,"_monsterinsights_skip_tracking":false,"_monsterinsights_sitenote_active":false,"_monsterinsights_sitenote_note":"","_monsterinsights_sitenote_category":0,"footnotes":""},"class_list":["post-730","page","type-page","status-publish","hentry"],"aioseo_notices":[],"_links":{"self":[{"href":"https:\/\/ar-lab.es\/de\/wp-json\/wp\/v2\/pages\/730","targetHints":{"allow":["GET"]}}],"collection":[{"href":"https:\/\/ar-lab.es\/de\/wp-json\/wp\/v2\/pages"}],"about":[{"href":"https:\/\/ar-lab.es\/de\/wp-json\/wp\/v2\/types\/page"}],"author":[{"embeddable":true,"href":"https:\/\/ar-lab.es\/de\/wp-json\/wp\/v2\/users\/1"}],"replies":[{"embeddable":true,"href":"https:\/\/ar-lab.es\/de\/wp-json\/wp\/v2\/comments?post=730"}],"version-history":[{"count":15,"href":"https:\/\/ar-lab.es\/de\/wp-json\/wp\/v2\/pages\/730\/revisions"}],"predecessor-version":[{"id":2494,"href":"https:\/\/ar-lab.es\/de\/wp-json\/wp\/v2\/pages\/730\/revisions\/2494"}],"wp:attachment":[{"href":"https:\/\/ar-lab.es\/de\/wp-json\/wp\/v2\/media?parent=730"}],"curies":[{"name":"wp","href":"https:\/\/api.w.org\/{rel}","templated":true}]}}