{"id":715,"date":"2025-05-22T15:19:53","date_gmt":"2025-05-22T15:19:53","guid":{"rendered":"https:\/\/ar-lab.es\/haus-t\/"},"modified":"2025-07-07T12:58:13","modified_gmt":"2025-07-07T12:58:13","slug":"haus-t","status":"publish","type":"page","link":"https:\/\/ar-lab.es\/de\/haus-t\/","title":{"rendered":"Haus T"},"content":{"rendered":"<p>[et_pb_section fb_built=&#8220;1&#8243; _builder_version=&#8220;4.27.4&#8243; _module_preset=&#8220;default&#8220; use_background_color_gradient=&#8220;on&#8220; background_color_gradient_type=&#8220;conic&#8220; background_color_gradient_stops=&#8220;#0a0a0a 0%|#8e8e8e 100%&#8220; background_image=&#8220;https:\/\/ar-lab.es\/wp-content\/uploads\/2025\/06\/CASA-T.jpg&#8220; background_blend=&#8220;soft-light&#8220; custom_padding=&#8220;30px||30px||true|&#8220; global_colors_info=&#8220;{}&#8220;][et_pb_row _builder_version=&#8220;4.27.4&#8243; _module_preset=&#8220;default&#8220; global_colors_info=&#8220;{}&#8220;][et_pb_column type=&#8220;4_4&#8243; _builder_version=&#8220;4.27.4&#8243; _module_preset=&#8220;default&#8220; global_colors_info=&#8220;{}&#8220;][et_pb_text _builder_version=&#8220;4.27.4&#8243; _module_preset=&#8220;default&#8220; header_font=&#8220;&#8211;et_global_heading_font|300||on|||||&#8220; header_text_color=&#8220;#FFFFFF&#8220; header_font_size=&#8220;40px&#8220; global_colors_info=&#8220;{}&#8220;]<\/p>\n<h1>Projekt &#8211; <strong>haus t<\/strong><\/h1>\n<p>[\/et_pb_text][\/et_pb_column][\/et_pb_row][\/et_pb_section][et_pb_section fb_built=&#8220;1&#8243; _builder_version=&#8220;4.27.4&#8243; _module_preset=&#8220;default&#8220; custom_padding=&#8220;30px||41px|||&#8220; global_colors_info=&#8220;{}&#8220;][et_pb_row column_structure=&#8220;1_3,2_3&#8243; use_custom_gutter=&#8220;on&#8220; gutter_width=&#8220;2&#8243; _builder_version=&#8220;4.27.4&#8243; _module_preset=&#8220;default&#8220; width=&#8220;90%&#8220; max_width=&#8220;90%&#8220; global_colors_info=&#8220;{}&#8220;][et_pb_column type=&#8220;1_3&#8243; _builder_version=&#8220;4.27.4&#8243; _module_preset=&#8220;default&#8220; global_colors_info=&#8220;{}&#8220;][et_pb_text _builder_version=&#8220;4.27.4&#8243; _module_preset=&#8220;default&#8220; text_font=&#8220;&#8211;et_global_body_font|300|||||||&#8220; custom_margin=&#8220;1px|0px|||false|false&#8220; scroll_vertical_motion=&#8220;0|70|70|100|0|0|15&#8243; hover_enabled=&#8220;0&#8243; global_colors_info=&#8220;{}&#8220; sticky_enabled=&#8220;0&#8243;]<\/p>\n<h2><strong>Eckhaus im Ortszentrum<\/strong><\/h2>\n<p><span style=\"color: #7eb199;\"><strong>Standort<\/strong><\/span>: Santany\u00ed<\/p>\n<p>Der Auftrag bestand darin, die M\u00f6glichkeiten f\u00fcr einige alte Geb\u00e4ude im Dorf zu untersuchen, die die Besonderheit aufweisen, dass sie einen wichtigen Teil des Stadtgef\u00fcges bilden.<\/p>\n<p>Es wurden die verschiedenen Nutzungen, Verkehrsstr\u00f6me sowie Bel\u00fcftung und Ausblicke der unterschiedlichen R\u00e4ume studiert und anschliessend zwei Vorschl\u00e4ge erarbeitet, aus denen die Eigent\u00fcmer w\u00e4hlen konnten.<\/p>\n<p>Einerseits ein Reformvorschlag, bei dem die wichtigsten traditionellen Elemente gew\u00fcrdigt und beibehalten und zwei differenzierte H\u00f6fe geschaffen wurden, wobei dem Eingangshof als Filterelement zwischen Stra\u00dfe und Haus eine gro\u00dfe Bedeutung zukommt, der das Haus vom L\u00e4rm abschirmt und ihm mehr Privatsph\u00e4re verleiht, ohne den Einfall von nat\u00fcrlichem Licht einzuschr\u00e4nken.<\/p>\n<p>Gleichzeitig wurde ein intimerer Patio hinterm Haus geschaffen, der die M\u00f6glichkeit bot, einen kleinen Pool zu integrieren.<\/p>\n<p>Der zweite Vorschlag bestand in einem vollst\u00e4ndigen Abriss und einem Neubau mit einer ganz neuen Geometrie, um einem gr\u00f6\u00dferen einzigen Hinterhof zu schaffen.<\/p>\n<p>[\/et_pb_text][et_pb_button button_url=&#8220;https:\/\/ar-lab.es\/de\/kontakt\/&#8220; url_new_window=&#8220;on&#8220; button_text=&#8220;kontaktieren Sie uns&#8220; _builder_version=&#8220;4.27.4&#8243; _module_preset=&#8220;default&#8220; custom_button=&#8220;on&#8220; button_text_size=&#8220;18px&#8220; button_border_width=&#8220;2px&#8220; button_border_color=&#8220;#7EB199&#8243; button_border_radius=&#8220;2px&#8220; button_font=&#8220;&#8211;et_global_body_font|300||on|||||&#8220; button_icon=&#8220;&#xf5ae;||fa||900&#8243; global_colors_info=&#8220;{}&#8220; button_text_color__hover_enabled=&#8220;on|hover&#8220; button_text_color__hover=&#8220;#FFFFFF&#8220; button_bg_color__hover_enabled=&#8220;on|hover&#8220; button_bg_color__hover=&#8220;#7EB199&#8243; button_bg_enable_color__hover=&#8220;on&#8220; button_border_width__hover_enabled=&#8220;on|hover&#8220; button_border_color__hover_enabled=&#8220;on|desktop&#8220; button_border_radius__hover_enabled=&#8220;on|desktop&#8220; button_border_width__hover=&#8220;2px&#8220; button_border_color__hover=&#8220;#7EB199&#8243; button_border_radius__hover=&#8220;2px&#8220;][\/et_pb_button][\/et_pb_column][et_pb_column type=&#8220;2_3&#8243; _builder_version=&#8220;4.27.4&#8243; _module_preset=&#8220;default&#8220; global_colors_info=&#8220;{}&#8220;][et_pb_image src=&#8220;https:\/\/ar-lab.es\/wp-content\/uploads\/2025\/06\/4.jpg&#8220; title_text=&#8220;4&#8243; _builder_version=&#8220;4.27.4&#8243; _module_preset=&#8220;default&#8220; hover_enabled=&#8220;0&#8243; global_colors_info=&#8220;{}&#8220; sticky_enabled=&#8220;0&#8243;][\/et_pb_image][et_pb_image src=&#8220;https:\/\/ar-lab.es\/wp-content\/uploads\/2025\/06\/5.jpg&#8220; alt=&#8220;arlab-estudio-arquitectura-mallorca-proyecto-casa-t-2&#8243; title_text=&#8220;5&#8243; _builder_version=&#8220;4.27.4&#8243; _module_preset=&#8220;default&#8220; global_colors_info=&#8220;{}&#8220;][\/et_pb_image][et_pb_image src=&#8220;https:\/\/ar-lab.es\/wp-content\/uploads\/2025\/06\/3.jpg&#8220; title_text=&#8220;3&#8243; _builder_version=&#8220;4.27.4&#8243; _module_preset=&#8220;default&#8220; global_colors_info=&#8220;{}&#8220;][\/et_pb_image][et_pb_image src=&#8220;https:\/\/ar-lab.es\/wp-content\/uploads\/2025\/06\/6b-scaled.jpg&#8220; alt=&#8220;arlab-estudio-arquitectura-mallorca-proyecto-casa-t-3&#8243; title_text=&#8220;6b&#8220; _builder_version=&#8220;4.27.4&#8243; _module_preset=&#8220;default&#8220; global_colors_info=&#8220;{}&#8220;][\/et_pb_image][et_pb_image src=&#8220;https:\/\/ar-lab.es\/wp-content\/uploads\/2025\/06\/7-scaled.jpg&#8220; alt=&#8220;arlab-estudio-arquitectura-mallorca-proyecto-casa-t-4&#8243; title_text=&#8220;7&#8243; _builder_version=&#8220;4.27.4&#8243; _module_preset=&#8220;default&#8220; global_colors_info=&#8220;{}&#8220;][\/et_pb_image][et_pb_image src=&#8220;https:\/\/ar-lab.es\/wp-content\/uploads\/2025\/06\/arlab-proyectos-casa-t-2.png&#8220; alt=&#8220;arlab-estudio-arquitectura-mallorca-proyecto-casa-t-2&#8243; title_text=&#8220;arlab-proyectos-casa-t-2&#8243; _builder_version=&#8220;4.27.4&#8243; _module_preset=&#8220;default&#8220; global_colors_info=&#8220;{}&#8220;][\/et_pb_image][\/et_pb_column][\/et_pb_row][\/et_pb_section]<\/p>\n","protected":false},"excerpt":{"rendered":"<p>Projekt &#8211; haus tEckhaus im Ortszentrum Standort: Santany\u00ed Der Auftrag bestand darin, die M\u00f6glichkeiten f\u00fcr einige alte Geb\u00e4ude im Dorf zu untersuchen, die die Besonderheit aufweisen, dass sie einen wichtigen Teil des Stadtgef\u00fcges bilden. Es wurden die verschiedenen Nutzungen, Verkehrsstr\u00f6me sowie Bel\u00fcftung und Ausblicke der unterschiedlichen R\u00e4ume studiert und anschliessend zwei Vorschl\u00e4ge erarbeitet, aus denen [&hellip;]<\/p>\n","protected":false},"author":1,"featured_media":0,"parent":0,"menu_order":0,"comment_status":"closed","ping_status":"closed","template":"","meta":{"_et_pb_use_builder":"on","_et_pb_old_content":"","_et_gb_content_width":"","om_disable_all_campaigns":false,"_monsterinsights_skip_tracking":false,"_monsterinsights_sitenote_active":false,"_monsterinsights_sitenote_note":"","_monsterinsights_sitenote_category":0,"footnotes":""},"class_list":["post-715","page","type-page","status-publish","hentry"],"aioseo_notices":[],"_links":{"self":[{"href":"https:\/\/ar-lab.es\/de\/wp-json\/wp\/v2\/pages\/715","targetHints":{"allow":["GET"]}}],"collection":[{"href":"https:\/\/ar-lab.es\/de\/wp-json\/wp\/v2\/pages"}],"about":[{"href":"https:\/\/ar-lab.es\/de\/wp-json\/wp\/v2\/types\/page"}],"author":[{"embeddable":true,"href":"https:\/\/ar-lab.es\/de\/wp-json\/wp\/v2\/users\/1"}],"replies":[{"embeddable":true,"href":"https:\/\/ar-lab.es\/de\/wp-json\/wp\/v2\/comments?post=715"}],"version-history":[{"count":17,"href":"https:\/\/ar-lab.es\/de\/wp-json\/wp\/v2\/pages\/715\/revisions"}],"predecessor-version":[{"id":2491,"href":"https:\/\/ar-lab.es\/de\/wp-json\/wp\/v2\/pages\/715\/revisions\/2491"}],"wp:attachment":[{"href":"https:\/\/ar-lab.es\/de\/wp-json\/wp\/v2\/media?parent=715"}],"curies":[{"name":"wp","href":"https:\/\/api.w.org\/{rel}","templated":true}]}}