{"id":684,"date":"2025-05-22T14:42:59","date_gmt":"2025-05-22T14:42:59","guid":{"rendered":"https:\/\/ar-lab.es\/local-c2\/"},"modified":"2025-07-07T13:01:03","modified_gmt":"2025-07-07T13:01:03","slug":"local-c2","status":"publish","type":"page","link":"https:\/\/ar-lab.es\/de\/local-c2\/","title":{"rendered":"Local C2"},"content":{"rendered":"<p>[et_pb_section fb_built=&#8220;1&#8243; _builder_version=&#8220;4.27.4&#8243; _module_preset=&#8220;default&#8220; use_background_color_gradient=&#8220;on&#8220; background_color_gradient_type=&#8220;conic&#8220; background_color_gradient_stops=&#8220;#0a0a0a 0%|#8e8e8e 100%&#8220; background_image=&#8220;https:\/\/ar-lab.es\/wp-content\/uploads\/2025\/06\/arlab-estudio-arquitectura-mallorca-proyecto-local-c2-2.png&#8220; background_blend=&#8220;soft-light&#8220; custom_padding=&#8220;30px||30px||true|&#8220; global_colors_info=&#8220;{}&#8220;][et_pb_row _builder_version=&#8220;4.27.4&#8243; _module_preset=&#8220;default&#8220; global_colors_info=&#8220;{}&#8220;][et_pb_column type=&#8220;4_4&#8243; _builder_version=&#8220;4.27.4&#8243; _module_preset=&#8220;default&#8220; global_colors_info=&#8220;{}&#8220;][et_pb_text _builder_version=&#8220;4.27.4&#8243; _module_preset=&#8220;default&#8220; header_font=&#8220;&#8211;et_global_heading_font|300||on|||||&#8220; header_text_color=&#8220;#FFFFFF&#8220; header_font_size=&#8220;40px&#8220; global_colors_info=&#8220;{}&#8220;]<\/p>\n<h1>Projekt &#8211; <strong>local c2<\/strong><\/h1>\n<p>[\/et_pb_text][\/et_pb_column][\/et_pb_row][\/et_pb_section][et_pb_section fb_built=&#8220;1&#8243; _builder_version=&#8220;4.27.4&#8243; _module_preset=&#8220;default&#8220; custom_padding=&#8220;28px|||||&#8220; global_colors_info=&#8220;{}&#8220;][et_pb_row column_structure=&#8220;1_3,2_3&#8243; use_custom_gutter=&#8220;on&#8220; gutter_width=&#8220;2&#8243; _builder_version=&#8220;4.27.4&#8243; _module_preset=&#8220;default&#8220; width=&#8220;90%&#8220; max_width=&#8220;90%&#8220; global_colors_info=&#8220;{}&#8220;][et_pb_column type=&#8220;1_3&#8243; _builder_version=&#8220;4.27.4&#8243; _module_preset=&#8220;default&#8220; global_colors_info=&#8220;{}&#8220;][et_pb_text _builder_version=&#8220;4.27.4&#8243; _module_preset=&#8220;default&#8220; text_font=&#8220;&#8211;et_global_body_font|300|||||||&#8220; custom_margin=&#8220;-1px|1px|||false|false&#8220; custom_padding=&#8220;0px|||||&#8220; scroll_vertical_motion=&#8220;0|70|70|100|0|0|15&#8243; global_colors_info=&#8220;{}&#8220;]<\/p>\n<h2><strong>Umbau eines Lokals in einem traditionellen Stadthaus<\/strong><\/h2>\n<p><span style=\"color: #7eb199;\"><strong>Standort<\/strong><\/span>: Santany\u00ed<\/p>\n<p>Das dreist\u00f6ckige Haus befindet sich im Zentrum von Santanyi. Es wurde beschlossen, die urspr\u00fcngliche Aufteilung beizubehalten und das Erdgeschoss f\u00fcr eine gewerbliche Nutzung umzubauen, w\u00e4hrend die Vorinstallationen und die D\u00e4cher f\u00fcr die k\u00fcnftige Unterbringung im ersten Stock erhalten bleiben sollten.<\/p>\n<p>Wir fanden im gesamten Haus kleine R\u00e4ume vor, in denen es an Licht und Bel\u00fcftung mangelte. Deshalb wurde entschieden, einen Grossteil der Zwischenw\u00e4nde zu entfernen und einen m\u00f6glichst offenen und lichtdurchfluteten Raum zu schaffen. Gleichzeitig wurden die traditionellen Elemente wieder hergestellt und hervorgehoben. Die bestehenden W\u00e4nde wurden saniert und die Oberfl\u00e4chen sowie Fenster modernisiert.<\/p>\n<p>[\/et_pb_text][et_pb_button button_url=&#8220;https:\/\/ar-lab.es\/de\/kontakt\/&#8220; url_new_window=&#8220;on&#8220; button_text=&#8220;kontaktieren Sie uns&#8220; _builder_version=&#8220;4.27.4&#8243; _module_preset=&#8220;default&#8220; custom_button=&#8220;on&#8220; button_text_size=&#8220;18px&#8220; button_border_width=&#8220;2px&#8220; button_border_color=&#8220;#7EB199&#8243; button_border_radius=&#8220;2px&#8220; button_font=&#8220;&#8211;et_global_body_font|300||on|||||&#8220; button_icon=&#8220;&#xf5ae;||fa||900&#8243; global_colors_info=&#8220;{}&#8220; button_text_color__hover_enabled=&#8220;on|hover&#8220; button_text_color__hover=&#8220;#FFFFFF&#8220; button_bg_color__hover_enabled=&#8220;on|hover&#8220; button_bg_color__hover=&#8220;#7EB199&#8243; button_bg_enable_color__hover=&#8220;on&#8220; button_border_width__hover_enabled=&#8220;on|hover&#8220; button_border_color__hover_enabled=&#8220;on|desktop&#8220; button_border_radius__hover_enabled=&#8220;on|desktop&#8220; button_border_width__hover=&#8220;2px&#8220; button_border_color__hover=&#8220;#7EB199&#8243; button_border_radius__hover=&#8220;2px&#8220;][\/et_pb_button][\/et_pb_column][et_pb_column type=&#8220;2_3&#8243; _builder_version=&#8220;4.27.4&#8243; _module_preset=&#8220;default&#8220; global_colors_info=&#8220;{}&#8220;][et_pb_image src=&#8220;https:\/\/ar-lab.es\/wp-content\/uploads\/2025\/06\/V4-scaled.jpg&#8220; title_text=&#8220;V4&#8243; _builder_version=&#8220;4.27.4&#8243; _module_preset=&#8220;default&#8220; global_colors_info=&#8220;{}&#8220;][\/et_pb_image][et_pb_image src=&#8220;https:\/\/ar-lab.es\/wp-content\/uploads\/2025\/06\/V1-scaled.jpg&#8220; title_text=&#8220;V1&#8243; _builder_version=&#8220;4.27.4&#8243; _module_preset=&#8220;default&#8220; global_colors_info=&#8220;{}&#8220;][\/et_pb_image][et_pb_image src=&#8220;https:\/\/ar-lab.es\/wp-content\/uploads\/2025\/06\/V2-scaled.jpg&#8220; alt=&#8220;arlab-estudio-arquitectura-mallorca-proyecto-local-c2-2&#8243; title_text=&#8220;V2&#8243; _builder_version=&#8220;4.27.4&#8243; _module_preset=&#8220;default&#8220; global_colors_info=&#8220;{}&#8220;][\/et_pb_image][et_pb_image src=&#8220;https:\/\/ar-lab.es\/wp-content\/uploads\/2025\/06\/V3-scaled.jpg&#8220; alt=&#8220;arlab-estudio-arquitectura-mallorca-proyecto-local-c2-3&#8243; title_text=&#8220;V3&#8243; _builder_version=&#8220;4.27.4&#8243; _module_preset=&#8220;default&#8220; global_colors_info=&#8220;{}&#8220;][\/et_pb_image][\/et_pb_column][\/et_pb_row][\/et_pb_section]<\/p>\n","protected":false},"excerpt":{"rendered":"<p>Projekt &#8211; local c2Umbau eines Lokals in einem traditionellen Stadthaus Standort: Santany\u00ed Das dreist\u00f6ckige Haus befindet sich im Zentrum von Santanyi. Es wurde beschlossen, die urspr\u00fcngliche Aufteilung beizubehalten und das Erdgeschoss f\u00fcr eine gewerbliche Nutzung umzubauen, w\u00e4hrend die Vorinstallationen und die D\u00e4cher f\u00fcr die k\u00fcnftige Unterbringung im ersten Stock erhalten bleiben sollten. Wir fanden im [&hellip;]<\/p>\n","protected":false},"author":1,"featured_media":0,"parent":0,"menu_order":0,"comment_status":"closed","ping_status":"closed","template":"","meta":{"_et_pb_use_builder":"on","_et_pb_old_content":"","_et_gb_content_width":"","om_disable_all_campaigns":false,"_monsterinsights_skip_tracking":false,"_monsterinsights_sitenote_active":false,"_monsterinsights_sitenote_note":"","_monsterinsights_sitenote_category":0,"footnotes":""},"class_list":["post-684","page","type-page","status-publish","hentry"],"aioseo_notices":[],"_links":{"self":[{"href":"https:\/\/ar-lab.es\/de\/wp-json\/wp\/v2\/pages\/684","targetHints":{"allow":["GET"]}}],"collection":[{"href":"https:\/\/ar-lab.es\/de\/wp-json\/wp\/v2\/pages"}],"about":[{"href":"https:\/\/ar-lab.es\/de\/wp-json\/wp\/v2\/types\/page"}],"author":[{"embeddable":true,"href":"https:\/\/ar-lab.es\/de\/wp-json\/wp\/v2\/users\/1"}],"replies":[{"embeddable":true,"href":"https:\/\/ar-lab.es\/de\/wp-json\/wp\/v2\/comments?post=684"}],"version-history":[{"count":17,"href":"https:\/\/ar-lab.es\/de\/wp-json\/wp\/v2\/pages\/684\/revisions"}],"predecessor-version":[{"id":2496,"href":"https:\/\/ar-lab.es\/de\/wp-json\/wp\/v2\/pages\/684\/revisions\/2496"}],"wp:attachment":[{"href":"https:\/\/ar-lab.es\/de\/wp-json\/wp\/v2\/media?parent=684"}],"curies":[{"name":"wp","href":"https:\/\/api.w.org\/{rel}","templated":true}]}}