{"id":656,"date":"2025-05-22T14:32:29","date_gmt":"2025-05-22T14:32:29","guid":{"rendered":"https:\/\/ar-lab.es\/spa-m\/"},"modified":"2025-07-07T12:41:41","modified_gmt":"2025-07-07T12:41:41","slug":"spa-m","status":"publish","type":"page","link":"https:\/\/ar-lab.es\/de\/spa-m\/","title":{"rendered":"SPA M"},"content":{"rendered":"<p>[et_pb_section fb_built=&#8220;1&#8243; _builder_version=&#8220;4.27.4&#8243; _module_preset=&#8220;default&#8220; use_background_color_gradient=&#8220;on&#8220; background_color_gradient_type=&#8220;conic&#8220; background_color_gradient_stops=&#8220;#0a0a0a 0%|#8e8e8e 100%&#8220; background_image=&#8220;https:\/\/ar-lab.es\/wp-content\/uploads\/2025\/06\/ar-lab-proyectos-spa-m-1.jpg&#8220; background_blend=&#8220;soft-light&#8220; custom_padding=&#8220;30px||30px||true|&#8220; hover_enabled=&#8220;0&#8243; global_colors_info=&#8220;{}&#8220; title_text=&#8220;ar-lab-proyectos-spa-m-1&#8243; sticky_enabled=&#8220;0&#8243;][et_pb_row _builder_version=&#8220;4.27.4&#8243; _module_preset=&#8220;default&#8220; global_colors_info=&#8220;{}&#8220;][et_pb_column type=&#8220;4_4&#8243; _builder_version=&#8220;4.27.4&#8243; _module_preset=&#8220;default&#8220; global_colors_info=&#8220;{}&#8220;][et_pb_text _builder_version=&#8220;4.27.4&#8243; _module_preset=&#8220;default&#8220; header_font=&#8220;&#8211;et_global_heading_font|300||on|||||&#8220; header_text_color=&#8220;#FFFFFF&#8220; header_font_size=&#8220;40px&#8220; global_colors_info=&#8220;{}&#8220;]<\/p>\n<h1>Projekt<strong> &#8211; spa m<\/strong><\/h1>\n<p>[\/et_pb_text][\/et_pb_column][\/et_pb_row][\/et_pb_section][et_pb_section fb_built=&#8220;1&#8243; _builder_version=&#8220;4.27.4&#8243; _module_preset=&#8220;default&#8220; custom_padding=&#8220;30px|||||&#8220; global_colors_info=&#8220;{}&#8220;][et_pb_row column_structure=&#8220;1_3,2_3&#8243; use_custom_gutter=&#8220;on&#8220; gutter_width=&#8220;2&#8243; _builder_version=&#8220;4.27.4&#8243; _module_preset=&#8220;default&#8220; width=&#8220;90%&#8220; max_width=&#8220;90%&#8220; global_colors_info=&#8220;{}&#8220;][et_pb_column type=&#8220;1_3&#8243; _builder_version=&#8220;4.27.4&#8243; _module_preset=&#8220;default&#8220; global_colors_info=&#8220;{}&#8220;][et_pb_text _builder_version=&#8220;4.27.4&#8243; _module_preset=&#8220;default&#8220; text_font=&#8220;&#8211;et_global_body_font|300|||||||&#8220; custom_margin=&#8220;-1px|0px|||false|false&#8220; scroll_vertical_motion=&#8220;0|70|70|100|0|0|15&#8243; global_colors_info=&#8220;{}&#8220;]<\/p>\n<h2><strong>Neuer Wellnessbereich im Poolhaus einer Finca<\/strong><\/h2>\n<p><span style=\"color: #7eb199;\"><strong>Standort<\/strong><\/span>: Felanitx<\/p>\n<p>Um das Schwimmbad herum gab es fr\u00fcher einige Nebengeb\u00e4ude. Die Eigent\u00fcmer \u00e4u\u00dferten den Wunsch, den Raum f\u00fcr ein SPA und einen Fitnessraum zu nutzen. <\/p>\n<p>Wir haben uns entschieden, einen Raum mit warmen T\u00f6nen und Materialien zu schaffen und strategische Fenster zu \u00f6ffnen, um die Landschaft im Moment der Entspannung zu genie\u00dfen. Eine Sauna, eine Dusche und ein Jacuzzi sind installiert.  Von der Sauna und dem Jacuzzi aus k\u00f6nnen Sie den Blick auf den Garten und die umliegende Landschaft genie\u00dfen. Der Loungebereich mit Sonnenliegen befindet sich vor einem gro\u00dfen Fenster mit Blick auf den Pool und den Garten. <\/p>\n<p>Dar\u00fcber hinaus ist ein Raum f\u00fcr eine kleine Sporthalle vorgesehen. Der gesamte Raum ist mit Holz und Stein ausgestattet, und durch die sorgf\u00e4ltige Planung der Beleuchtung wird eine entspannte Atmosph\u00e4re geschaffen. <\/p>\n<p>[\/et_pb_text][et_pb_button button_url=&#8220;https:\/\/ar-lab.es\/de\/kontakt\/&#8220; url_new_window=&#8220;on&#8220; button_text=&#8220;kontaktieren Sie uns&#8220; _builder_version=&#8220;4.27.4&#8243; _module_preset=&#8220;default&#8220; custom_button=&#8220;on&#8220; button_text_size=&#8220;18px&#8220; button_border_width=&#8220;2px&#8220; button_border_color=&#8220;#7EB199&#8243; button_border_radius=&#8220;2px&#8220; button_font=&#8220;&#8211;et_global_body_font|300||on|||||&#8220; button_icon=&#8220;&#xf5ae;||fa||900&#8243; global_colors_info=&#8220;{}&#8220; button_text_color__hover_enabled=&#8220;on|hover&#8220; button_text_color__hover=&#8220;#FFFFFF&#8220; button_bg_color__hover_enabled=&#8220;on|hover&#8220; button_bg_color__hover=&#8220;#7EB199&#8243; button_bg_enable_color__hover=&#8220;on&#8220; button_border_width__hover_enabled=&#8220;on|hover&#8220; button_border_color__hover_enabled=&#8220;on|desktop&#8220; button_border_radius__hover_enabled=&#8220;on|desktop&#8220; button_border_width__hover=&#8220;2px&#8220; button_border_color__hover=&#8220;#7EB199&#8243; button_border_radius__hover=&#8220;2px&#8220;][\/et_pb_button][\/et_pb_column][et_pb_column type=&#8220;2_3&#8243; _builder_version=&#8220;4.27.4&#8243; _module_preset=&#8220;default&#8220; global_colors_info=&#8220;{}&#8220;][et_pb_image src=&#8220;https:\/\/ar-lab.es\/wp-content\/uploads\/2025\/06\/ar-lab-proyectos-spa-m-3.jpg&#8220; alt=&#8220;arlab-estudio-arquitectura-mallorca-proyecto-spa-m-2&#8243; title_text=&#8220;ar-lab-proyectos-spa-m-3&#8243; _builder_version=&#8220;4.27.4&#8243; _module_preset=&#8220;default&#8220; global_colors_info=&#8220;{}&#8220;][\/et_pb_image][et_pb_image src=&#8220;https:\/\/ar-lab.es\/wp-content\/uploads\/2025\/06\/ar-lab-proyectos-spa-m-4.jpg&#8220; alt=&#8220;arlab-estudio-arquitectura-mallorca-proyecto-spa-m-2&#8243; title_text=&#8220;ar-lab-proyectos-spa-m-4&#8243; _builder_version=&#8220;4.27.4&#8243; _module_preset=&#8220;default&#8220; global_colors_info=&#8220;{}&#8220;][\/et_pb_image][et_pb_image src=&#8220;https:\/\/ar-lab.es\/wp-content\/uploads\/2025\/06\/ar-lab-proyectos-spa-m-5.jpg&#8220; alt=&#8220;arlab-estudio-arquitectura-mallorca-proyecto-spa-m-2&#8243; title_text=&#8220;ar-lab-proyectos-spa-m-5&#8243; _builder_version=&#8220;4.27.4&#8243; _module_preset=&#8220;default&#8220; global_colors_info=&#8220;{}&#8220;][\/et_pb_image][et_pb_image src=&#8220;https:\/\/ar-lab.es\/wp-content\/uploads\/2025\/06\/ar-lab-proyectos-spa-m-6.jpg&#8220; alt=&#8220;arlab-estudio-arquitectura-mallorca-proyecto-spa-m-2&#8243; title_text=&#8220;ar-lab-proyectos-spa-m-6&#8243; _builder_version=&#8220;4.27.4&#8243; _module_preset=&#8220;default&#8220; global_colors_info=&#8220;{}&#8220;][\/et_pb_image][et_pb_image src=&#8220;https:\/\/ar-lab.es\/wp-content\/uploads\/2025\/06\/ar-lab-proyectos-spa-m-7.jpg&#8220; alt=&#8220;arlab-estudio-arquitectura-mallorca-proyecto-spa-m-2&#8243; title_text=&#8220;ar-lab-proyectos-spa-m-7&#8243; _builder_version=&#8220;4.27.4&#8243; _module_preset=&#8220;default&#8220; global_colors_info=&#8220;{}&#8220;][\/et_pb_image][et_pb_image src=&#8220;https:\/\/ar-lab.es\/wp-content\/uploads\/2025\/06\/ar-lab-proyectos-spa-m-8.jpg&#8220; alt=&#8220;arlab-estudio-arquitectura-mallorca-proyecto-spa-m-2&#8243; title_text=&#8220;ar-lab-proyectos-spa-m-8&#8243; _builder_version=&#8220;4.27.4&#8243; _module_preset=&#8220;default&#8220; global_colors_info=&#8220;{}&#8220;][\/et_pb_image][et_pb_image src=&#8220;https:\/\/ar-lab.es\/wp-content\/uploads\/2025\/06\/ar-lab-proyectos-spa-m-9.jpg&#8220; alt=&#8220;arlab-estudio-arquitectura-mallorca-proyecto-spa-m-2&#8243; title_text=&#8220;ar-lab-proyectos-spa-m-9&#8243; _builder_version=&#8220;4.27.4&#8243; _module_preset=&#8220;default&#8220; global_colors_info=&#8220;{}&#8220;][\/et_pb_image][\/et_pb_column][\/et_pb_row][\/et_pb_section]<\/p>\n","protected":false},"excerpt":{"rendered":"<p>Projekt &#8211; spa mNeuer Wellnessbereich im Poolhaus einer Finca Standort: Felanitx Um das Schwimmbad herum gab es fr\u00fcher einige Nebengeb\u00e4ude. Die Eigent\u00fcmer \u00e4u\u00dferten den Wunsch, den Raum f\u00fcr ein SPA und einen Fitnessraum zu nutzen. Wir haben uns entschieden, einen Raum mit warmen T\u00f6nen und Materialien zu schaffen und strategische Fenster zu \u00f6ffnen, um die [&hellip;]<\/p>\n","protected":false},"author":1,"featured_media":0,"parent":0,"menu_order":0,"comment_status":"closed","ping_status":"closed","template":"","meta":{"_et_pb_use_builder":"on","_et_pb_old_content":"","_et_gb_content_width":"","om_disable_all_campaigns":false,"_monsterinsights_skip_tracking":false,"_monsterinsights_sitenote_active":false,"_monsterinsights_sitenote_note":"","_monsterinsights_sitenote_category":0,"footnotes":""},"class_list":["post-656","page","type-page","status-publish","hentry"],"aioseo_notices":[],"_links":{"self":[{"href":"https:\/\/ar-lab.es\/de\/wp-json\/wp\/v2\/pages\/656","targetHints":{"allow":["GET"]}}],"collection":[{"href":"https:\/\/ar-lab.es\/de\/wp-json\/wp\/v2\/pages"}],"about":[{"href":"https:\/\/ar-lab.es\/de\/wp-json\/wp\/v2\/types\/page"}],"author":[{"embeddable":true,"href":"https:\/\/ar-lab.es\/de\/wp-json\/wp\/v2\/users\/1"}],"replies":[{"embeddable":true,"href":"https:\/\/ar-lab.es\/de\/wp-json\/wp\/v2\/comments?post=656"}],"version-history":[{"count":19,"href":"https:\/\/ar-lab.es\/de\/wp-json\/wp\/v2\/pages\/656\/revisions"}],"predecessor-version":[{"id":2479,"href":"https:\/\/ar-lab.es\/de\/wp-json\/wp\/v2\/pages\/656\/revisions\/2479"}],"wp:attachment":[{"href":"https:\/\/ar-lab.es\/de\/wp-json\/wp\/v2\/media?parent=656"}],"curies":[{"name":"wp","href":"https:\/\/api.w.org\/{rel}","templated":true}]}}