{"id":598,"date":"2025-05-22T13:51:22","date_gmt":"2025-05-22T13:51:22","guid":{"rendered":"https:\/\/ar-lab.es\/haus-k\/"},"modified":"2025-07-07T12:49:45","modified_gmt":"2025-07-07T12:49:45","slug":"haus-k","status":"publish","type":"page","link":"https:\/\/ar-lab.es\/de\/haus-k\/","title":{"rendered":"Haus K"},"content":{"rendered":"<p>[et_pb_section fb_built=&#8220;1&#8243; _builder_version=&#8220;4.27.4&#8243; _module_preset=&#8220;default&#8220; use_background_color_gradient=&#8220;on&#8220; background_color_gradient_type=&#8220;conic&#8220; background_color_gradient_stops=&#8220;#0a0a0a 0%|#8e8e8e 100%&#8220; background_image=&#8220;https:\/\/ar-lab.es\/wp-content\/uploads\/2025\/06\/arlab-estudio-arquitectura-mallorca-proyecto-casa-k-1.png&#8220; background_blend=&#8220;soft-light&#8220; custom_padding=&#8220;30px||30px||true|&#8220; global_colors_info=&#8220;{}&#8220;][et_pb_row _builder_version=&#8220;4.27.4&#8243; _module_preset=&#8220;default&#8220; global_colors_info=&#8220;{}&#8220;][et_pb_column type=&#8220;4_4&#8243; _builder_version=&#8220;4.27.4&#8243; _module_preset=&#8220;default&#8220; global_colors_info=&#8220;{}&#8220;][et_pb_text _builder_version=&#8220;4.27.4&#8243; _module_preset=&#8220;default&#8220; header_font=&#8220;&#8211;et_global_heading_font|300||on|||||&#8220; header_text_color=&#8220;#FFFFFF&#8220; header_font_size=&#8220;40px&#8220; global_colors_info=&#8220;{}&#8220;]<\/p>\n<h1>Projekt &#8211; <strong>Haus K<\/strong><\/h1>\n<p>[\/et_pb_text][\/et_pb_column][\/et_pb_row][\/et_pb_section][et_pb_section fb_built=&#8220;1&#8243; _builder_version=&#8220;4.27.4&#8243; _module_preset=&#8220;default&#8220; custom_padding=&#8220;3px|||||&#8220; global_colors_info=&#8220;{}&#8220;][et_pb_row column_structure=&#8220;1_3,2_3&#8243; use_custom_gutter=&#8220;on&#8220; gutter_width=&#8220;2&#8243; _builder_version=&#8220;4.27.4&#8243; _module_preset=&#8220;default&#8220; width=&#8220;90%&#8220; max_width=&#8220;90%&#8220; global_colors_info=&#8220;{}&#8220;][et_pb_column type=&#8220;1_3&#8243; _builder_version=&#8220;4.27.4&#8243; _module_preset=&#8220;default&#8220; global_colors_info=&#8220;{}&#8220;][et_pb_text _builder_version=&#8220;4.27.4&#8243; _module_preset=&#8220;default&#8220; text_font=&#8220;&#8211;et_global_body_font|300|||||||&#8220; custom_margin=&#8220;2px|-4px|||false|false&#8220; scroll_vertical_motion=&#8220;0|70|70|100|0|0|15&#8243; hover_enabled=&#8220;0&#8243; global_colors_info=&#8220;{}&#8220; sticky_enabled=&#8220;0&#8243;]<\/p>\n<h2><strong>Renovierung eines freistehenden Hauses auf einem l\u00e4ndlichen Grundst\u00fcck<\/strong><\/h2>\n<p><span style=\"color: #7eb199;\"><strong>Standort<\/strong><\/span>: Felanitx<\/p>\n<p>Das Hauptziel dieses Projekts war es, die schlichte Fassade mit einigen traditionellen Stilelementen zu schm\u00fccken und eine Loggia an der Hausecke im Obergeschoss zu schaffen, um dem bestehenden Bau einen mallorquinischen Charme zu verleihen.<\/p>\n<p>Dar\u00fcber hinaus wurde eine Umgestaltung des Obergeschosses gew\u00fcnscht, um einen<br \/>privaten Raum f\u00fcr die Eltern zu gestalten. Bei der Planung waren das Tageslicht und<br \/>die unglaublichen Ausblicke ausschlaggebend.<\/p>\n<p>Es wurde ein gro\u00dfer Wohnbereich mit Dachschr\u00e4ge und sichtbaren Balken, Kamin und Ausblick auf die Landschaft entworfen.<\/p>\n<p>Bei so hohen Decken wurden in den oberen Teil der W\u00e4nde verglaste Fl\u00e4chen integriert, die eine visuelle Verbindung zwischen den R\u00e4umen schaffen und ein Gef\u00fchl von Gro\u00dfz\u00fcgigkeit vermitteln.<\/p>\n<p>Vom Wohnbereich aus hat man direkten Zugang zur neuen Loggia und zum Elternschlafzimmer mit einem gro\u00dfen Ankleidezimmer, von dem aus man das private Bad erreicht.<\/p>\n<p>[\/et_pb_text][et_pb_button button_url=&#8220;https:\/\/ar-lab.es\/de\/kontakt\/&#8220; url_new_window=&#8220;on&#8220; button_text=&#8220;kontaktieren Sie uns&#8220; _builder_version=&#8220;4.27.4&#8243; _module_preset=&#8220;default&#8220; custom_button=&#8220;on&#8220; button_text_size=&#8220;18px&#8220; button_border_width=&#8220;2px&#8220; button_border_color=&#8220;#7EB199&#8243; button_border_radius=&#8220;2px&#8220; button_font=&#8220;&#8211;et_global_body_font|300||on|||||&#8220; button_icon=&#8220;&#xf5ae;||fa||900&#8243; global_colors_info=&#8220;{}&#8220; button_text_color__hover_enabled=&#8220;on|hover&#8220; button_text_color__hover=&#8220;#FFFFFF&#8220; button_bg_color__hover_enabled=&#8220;on|hover&#8220; button_bg_color__hover=&#8220;#7EB199&#8243; button_bg_enable_color__hover=&#8220;on&#8220; button_border_width__hover_enabled=&#8220;on|hover&#8220; button_border_color__hover_enabled=&#8220;on|desktop&#8220; button_border_radius__hover_enabled=&#8220;on|desktop&#8220; button_border_width__hover=&#8220;2px&#8220; button_border_color__hover=&#8220;#7EB199&#8243; button_border_radius__hover=&#8220;2px&#8220;][\/et_pb_button][\/et_pb_column][et_pb_column type=&#8220;2_3&#8243; _builder_version=&#8220;4.27.4&#8243; _module_preset=&#8220;default&#8220; global_colors_info=&#8220;{}&#8220;][et_pb_image src=&#8220;https:\/\/ar-lab.es\/wp-content\/uploads\/2025\/06\/06casaK-scaled.jpg&#8220; title_text=&#8220;06casaK&#8220; _builder_version=&#8220;4.27.4&#8243; _module_preset=&#8220;default&#8220; global_colors_info=&#8220;{}&#8220;][\/et_pb_image][et_pb_image src=&#8220;https:\/\/ar-lab.es\/wp-content\/uploads\/2025\/06\/08casaK-scaled.jpg&#8220; title_text=&#8220;08casaK&#8220; _builder_version=&#8220;4.27.4&#8243; _module_preset=&#8220;default&#8220; global_colors_info=&#8220;{}&#8220;][\/et_pb_image][et_pb_image src=&#8220;https:\/\/ar-lab.es\/wp-content\/uploads\/2025\/06\/09casaK-scaled.jpg&#8220; alt=&#8220;arlab-estudio-arquitectura-mallorca-proyecto-casa-k-3&#8243; title_text=&#8220;09casaK&#8220; _builder_version=&#8220;4.27.4&#8243; _module_preset=&#8220;default&#8220; global_colors_info=&#8220;{}&#8220;][\/et_pb_image][et_pb_image src=&#8220;https:\/\/ar-lab.es\/wp-content\/uploads\/2025\/06\/10casaK-scaled.jpg&#8220; alt=&#8220;arlab-estudio-arquitectura-mallorca-proyecto-casa-k-4&#8243; title_text=&#8220;10casaK&#8220; _builder_version=&#8220;4.27.4&#8243; _module_preset=&#8220;default&#8220; global_colors_info=&#8220;{}&#8220;][\/et_pb_image][et_pb_image src=&#8220;https:\/\/ar-lab.es\/wp-content\/uploads\/2025\/06\/11casaK-scaled.jpg&#8220; alt=&#8220;arlab-estudio-arquitectura-mallorca-proyecto-casa-k-5&#8243; title_text=&#8220;11casaK&#8220; _builder_version=&#8220;4.27.4&#8243; _module_preset=&#8220;default&#8220; global_colors_info=&#8220;{}&#8220;][\/et_pb_image][et_pb_image src=&#8220;https:\/\/ar-lab.es\/wp-content\/uploads\/2025\/06\/12casaK-scaled.jpg&#8220; alt=&#8220;arlab-estudio-arquitectura-mallorca-proyecto-casa-k-6&#8243; title_text=&#8220;12casaK&#8220; _builder_version=&#8220;4.27.4&#8243; _module_preset=&#8220;default&#8220; global_colors_info=&#8220;{}&#8220;][\/et_pb_image][et_pb_image src=&#8220;https:\/\/ar-lab.es\/wp-content\/uploads\/2025\/06\/13casaK-scaled.jpeg&#8220; alt=&#8220;arlab-estudio-arquitectura-mallorca-proyecto-casa-k-7&#8243; title_text=&#8220;13casaK&#8220; _builder_version=&#8220;4.27.4&#8243; _module_preset=&#8220;default&#8220; global_colors_info=&#8220;{}&#8220;][\/et_pb_image][et_pb_image src=&#8220;https:\/\/ar-lab.es\/wp-content\/uploads\/2025\/06\/14casaK.jpeg&#8220; alt=&#8220;arlab-estudio-arquitectura-mallorca-proyecto-casa-k-9&#8243; title_text=&#8220;14casaK&#8220; _builder_version=&#8220;4.27.4&#8243; _module_preset=&#8220;default&#8220; global_colors_info=&#8220;{}&#8220;][\/et_pb_image][et_pb_image src=&#8220;https:\/\/ar-lab.es\/wp-content\/uploads\/2025\/06\/15casaK-scaled.jpeg&#8220; alt=&#8220;arlab-estudio-arquitectura-mallorca-proyecto-casa-k-10&#8243; title_text=&#8220;15casaK&#8220; _builder_version=&#8220;4.27.4&#8243; _module_preset=&#8220;default&#8220; global_colors_info=&#8220;{}&#8220;][\/et_pb_image][et_pb_image src=&#8220;https:\/\/ar-lab.es\/wp-content\/uploads\/2025\/06\/01casaK-scaled.jpg&#8220; alt=&#8220;arlab-estudio-arquitectura-mallorca-proyecto-casa-k-12&#8243; title_text=&#8220;01casaK&#8220; _builder_version=&#8220;4.27.4&#8243; _module_preset=&#8220;default&#8220; global_colors_info=&#8220;{}&#8220;][\/et_pb_image][et_pb_image src=&#8220;https:\/\/ar-lab.es\/wp-content\/uploads\/2025\/06\/03casaK-scaled.jpg&#8220; alt=&#8220;arlab-estudio-arquitectura-mallorca-proyecto-casa-k-15&#8243; title_text=&#8220;03casaK&#8220; _builder_version=&#8220;4.27.4&#8243; _module_preset=&#8220;default&#8220; global_colors_info=&#8220;{}&#8220;][\/et_pb_image][et_pb_image src=&#8220;https:\/\/ar-lab.es\/wp-content\/uploads\/2025\/06\/04casaK-scaled.jpg&#8220; alt=&#8220;arlab-estudio-arquitectura-mallorca-proyecto-casa-k-15&#8243; title_text=&#8220;04casaK&#8220; _builder_version=&#8220;4.27.4&#8243; _module_preset=&#8220;default&#8220; global_colors_info=&#8220;{}&#8220;][\/et_pb_image][et_pb_image src=&#8220;https:\/\/ar-lab.es\/wp-content\/uploads\/2025\/06\/05casaK-scaled.jpg&#8220; alt=&#8220;arlab-estudio-arquitectura-mallorca-proyecto-casa-k-15&#8243; title_text=&#8220;05casaK&#8220; _builder_version=&#8220;4.27.4&#8243; _module_preset=&#8220;default&#8220; global_colors_info=&#8220;{}&#8220;][\/et_pb_image][\/et_pb_column][\/et_pb_row][\/et_pb_section]<\/p>\n","protected":false},"excerpt":{"rendered":"<p>Projekt &#8211; Haus KRenovierung eines freistehenden Hauses auf einem l\u00e4ndlichen Grundst\u00fcck Standort: Felanitx Das Hauptziel dieses Projekts war es, die schlichte Fassade mit einigen traditionellen Stilelementen zu schm\u00fccken und eine Loggia an der Hausecke im Obergeschoss zu schaffen, um dem bestehenden Bau einen mallorquinischen Charme zu verleihen. Dar\u00fcber hinaus wurde eine Umgestaltung des Obergeschosses gew\u00fcnscht, [&hellip;]<\/p>\n","protected":false},"author":1,"featured_media":0,"parent":0,"menu_order":0,"comment_status":"closed","ping_status":"closed","template":"","meta":{"_et_pb_use_builder":"on","_et_pb_old_content":"","_et_gb_content_width":"","om_disable_all_campaigns":false,"_monsterinsights_skip_tracking":false,"_monsterinsights_sitenote_active":false,"_monsterinsights_sitenote_note":"","_monsterinsights_sitenote_category":0,"footnotes":""},"class_list":["post-598","page","type-page","status-publish","hentry"],"aioseo_notices":[],"_links":{"self":[{"href":"https:\/\/ar-lab.es\/de\/wp-json\/wp\/v2\/pages\/598","targetHints":{"allow":["GET"]}}],"collection":[{"href":"https:\/\/ar-lab.es\/de\/wp-json\/wp\/v2\/pages"}],"about":[{"href":"https:\/\/ar-lab.es\/de\/wp-json\/wp\/v2\/types\/page"}],"author":[{"embeddable":true,"href":"https:\/\/ar-lab.es\/de\/wp-json\/wp\/v2\/users\/1"}],"replies":[{"embeddable":true,"href":"https:\/\/ar-lab.es\/de\/wp-json\/wp\/v2\/comments?post=598"}],"version-history":[{"count":25,"href":"https:\/\/ar-lab.es\/de\/wp-json\/wp\/v2\/pages\/598\/revisions"}],"predecessor-version":[{"id":2482,"href":"https:\/\/ar-lab.es\/de\/wp-json\/wp\/v2\/pages\/598\/revisions\/2482"}],"wp:attachment":[{"href":"https:\/\/ar-lab.es\/de\/wp-json\/wp\/v2\/media?parent=598"}],"curies":[{"name":"wp","href":"https:\/\/api.w.org\/{rel}","templated":true}]}}