{"id":570,"date":"2025-05-22T11:32:52","date_gmt":"2025-05-22T11:32:52","guid":{"rendered":"https:\/\/ar-lab.es\/haus-u\/"},"modified":"2025-07-07T12:48:56","modified_gmt":"2025-07-07T12:48:56","slug":"haus-u","status":"publish","type":"page","link":"https:\/\/ar-lab.es\/de\/haus-u\/","title":{"rendered":"Haus U"},"content":{"rendered":"<p>[et_pb_section fb_built=&#8220;1&#8243; _builder_version=&#8220;4.27.4&#8243; _module_preset=&#8220;default&#8220; use_background_color_gradient=&#8220;on&#8220; background_color_gradient_type=&#8220;conic&#8220; background_color_gradient_stops=&#8220;#0a0a0a 0%|#8e8e8e 100%&#8220; background_image=&#8220;https:\/\/ar-lab.es\/wp-content\/uploads\/2025\/06\/arlab-estudio-arquitectura-mallorca-proyecto-casa-u-5.png&#8220; background_position=&#8220;top_right&#8220; background_blend=&#8220;soft-light&#8220; custom_padding=&#8220;30px||30px||true|&#8220; global_colors_info=&#8220;{}&#8220;][et_pb_row _builder_version=&#8220;4.27.4&#8243; _module_preset=&#8220;default&#8220; global_colors_info=&#8220;{}&#8220;][et_pb_column type=&#8220;4_4&#8243; _builder_version=&#8220;4.27.4&#8243; _module_preset=&#8220;default&#8220; global_colors_info=&#8220;{}&#8220;][et_pb_text _builder_version=&#8220;4.27.4&#8243; _module_preset=&#8220;default&#8220; header_font=&#8220;&#8211;et_global_heading_font|300||on|||||&#8220; header_text_color=&#8220;#FFFFFF&#8220; header_font_size=&#8220;40px&#8220; global_colors_info=&#8220;{}&#8220;]<\/p>\n<h1>Projekt<strong> &#8211; Haus U<\/strong><\/h1>\n<p>[\/et_pb_text][\/et_pb_column][\/et_pb_row][\/et_pb_section][et_pb_section fb_built=&#8220;1&#8243; _builder_version=&#8220;4.27.4&#8243; _module_preset=&#8220;default&#8220; custom_padding=&#8220;40px|||||&#8220; global_colors_info=&#8220;{}&#8220;][et_pb_row column_structure=&#8220;1_3,2_3&#8243; use_custom_gutter=&#8220;on&#8220; gutter_width=&#8220;2&#8243; _builder_version=&#8220;4.27.4&#8243; _module_preset=&#8220;default&#8220; width=&#8220;90%&#8220; max_width=&#8220;90%&#8220; global_colors_info=&#8220;{}&#8220;][et_pb_column type=&#8220;1_3&#8243; _builder_version=&#8220;4.27.4&#8243; _module_preset=&#8220;default&#8220; global_colors_info=&#8220;{}&#8220;][et_pb_text _builder_version=&#8220;4.27.4&#8243; _module_preset=&#8220;default&#8220; text_font=&#8220;&#8211;et_global_body_font|300|||||||&#8220; header_2_font=&#8220;|600|||||||&#8220; custom_margin=&#8220;4px|-4px|||false|false&#8220; scroll_vertical_motion=&#8220;0|70|70|100|0|0|15&#8243; hover_enabled=&#8220;0&#8243; global_colors_info=&#8220;{}&#8220; sticky_enabled=&#8220;0&#8243;]<\/p>\n<h2>Neubau eines Einfamilienhauses mit Schwimmbad an der Strandpromenade<\/h2>\n<p><span style=\"color: #7eb199;\"><strong>Standort<\/strong><\/span>: Cala Serena<\/p>\n<p>Der Blick aufs Meer, die Ausrichtung und das unregelm\u00e4\u00dfig geformte Grundst\u00fcck waren die Ausgangsbedingungen f\u00fcr dieses Projekt. Durch ein interessantes Spiel mit den Volumina wird ein attraktives Geb\u00e4ude mit einem modernen Erscheinungsbild geschaffen.<\/p>\n<p>Das Geb\u00e4ude teilt den Au\u00dfenbereich in zwei Bereiche, wobei ein Zugangsbereich von der Stra\u00dfe mit einem begr\u00fcnten Raum als visuelle Trennung zwischen dem Fu\u00dfg\u00e4ngerweg und der Stra\u00dfe und ein weiterer gr\u00f6\u00dferer Erholungsbereich vor dem Meer mit mehreren Terrassen und einem Infinity-Pool entsteht.<\/p>\n<p>Eine Mauer aus Santanyi-Stein geleitet den Besucher, von dem Eingangsbereich durch die Diele bis zur Freizeitzone auf der anderen Seite des Hauses, wo man die beeindruckenden Ausblicke wahrnehmen kann. Der Santanyi-Stein verleiht dem Wohnraum eine warme Atmosph\u00e4re.<\/p>\n<p>Der Tagesbereich ist offen gestaltet in einem grossen langgestreckten Raum und vereint die K\u00fcche mit der gro\u00dfen Kochinsel, den Essbereich und das Wohnzimmer mit Kamin. Von dem gesamten Tagesbereich aus kann man die Aussicht auf den Pool und das Meer genie\u00dfen. F\u00fcr den Pool wurde ein Farbeffekt gesucht, der Pool und Meer ineinander \u00fcbergehen l\u00e4sst.<\/p>\n<p>Ein Schlafzimmer befindet sich im Erdgeschoss. Die restlichen Schlafzimmer befinden sich im Obergeschoss. Alle Schlafzimmer haben ein eigenes Bad und direkten Zugang zur Au\u00dfenterrasse.<\/p>\n<p>Dank der gro\u00dfen minimalistischen Fenster k\u00f6nnen Sie die atemberaubende Aussicht in vollen Z\u00fcgen genie\u00dfen.<\/p>\n<p>[\/et_pb_text][et_pb_button button_url=&#8220;https:\/\/ar-lab.es\/de\/kontakt\/&#8220; url_new_window=&#8220;on&#8220; button_text=&#8220;kontaktieren Sie uns&#8220; _builder_version=&#8220;4.27.4&#8243; _module_preset=&#8220;default&#8220; custom_button=&#8220;on&#8220; button_text_size=&#8220;18px&#8220; button_border_width=&#8220;2px&#8220; button_border_color=&#8220;#7EB199&#8243; button_border_radius=&#8220;2px&#8220; button_font=&#8220;&#8211;et_global_body_font|300||on|||||&#8220; button_icon=&#8220;&#xf5ae;||fa||900&#8243; global_colors_info=&#8220;{}&#8220; button_text_color__hover_enabled=&#8220;on|hover&#8220; button_text_color__hover=&#8220;#FFFFFF&#8220; button_bg_color__hover_enabled=&#8220;on|hover&#8220; button_bg_color__hover=&#8220;#7EB199&#8243; button_bg_enable_color__hover=&#8220;on&#8220; button_border_width__hover_enabled=&#8220;on|hover&#8220; button_border_color__hover_enabled=&#8220;on|desktop&#8220; button_border_radius__hover_enabled=&#8220;on|desktop&#8220; button_border_width__hover=&#8220;2px&#8220; button_border_color__hover=&#8220;#7EB199&#8243; button_border_radius__hover=&#8220;2px&#8220;][\/et_pb_button][\/et_pb_column][et_pb_column type=&#8220;2_3&#8243; _builder_version=&#8220;4.27.4&#8243; _module_preset=&#8220;default&#8220; global_colors_info=&#8220;{}&#8220;][et_pb_image src=&#8220;https:\/\/ar-lab.es\/wp-content\/uploads\/2025\/06\/1-v-entrada2-scaled.jpg&#8220; title_text=&#8220;1 v entrada2&#8243; _builder_version=&#8220;4.27.4&#8243; _module_preset=&#8220;default&#8220; global_colors_info=&#8220;{}&#8220;][\/et_pb_image][et_pb_image src=&#8220;https:\/\/ar-lab.es\/wp-content\/uploads\/2025\/06\/2-v-piscina-scaled.jpg&#8220; alt=&#8220;arlab-estudio-arquitectura-mallorca-proyecto-casa-u-2&#8243; title_text=&#8220;2 v piscina&#8220; _builder_version=&#8220;4.27.4&#8243; _module_preset=&#8220;default&#8220; global_colors_info=&#8220;{}&#8220;][\/et_pb_image][et_pb_image src=&#8220;https:\/\/ar-lab.es\/wp-content\/uploads\/2025\/06\/3-agua-piscina.jpg&#8220; alt=&#8220;arlab-estudio-arquitectura-mallorca-proyecto-casa-u-3&#8243; title_text=&#8220;3 agua piscina&#8220; _builder_version=&#8220;4.27.4&#8243; _module_preset=&#8220;default&#8220; global_colors_info=&#8220;{}&#8220;][\/et_pb_image][et_pb_image src=&#8220;https:\/\/ar-lab.es\/wp-content\/uploads\/2025\/06\/4-v-mar2.jpeg&#8220; alt=&#8220;arlab-estudio-arquitectura-mallorca-proyecto-casa-u-5&#8243; title_text=&#8220;4 v mar2&#8243; _builder_version=&#8220;4.27.4&#8243; _module_preset=&#8220;default&#8220; global_colors_info=&#8220;{}&#8220;][\/et_pb_image][et_pb_image src=&#8220;https:\/\/ar-lab.es\/wp-content\/uploads\/2025\/06\/5-v-detalle.jpg&#8220; alt=&#8220;arlab-estudio-arquitectura-mallorca-proyecto-casa-u-6&#8243; title_text=&#8220;5 v detalle&#8220; _builder_version=&#8220;4.27.4&#8243; _module_preset=&#8220;default&#8220; global_colors_info=&#8220;{}&#8220;][\/et_pb_image][et_pb_image src=&#8220;https:\/\/ar-lab.es\/wp-content\/uploads\/2025\/06\/6-v-garaje.jpg&#8220; alt=&#8220;arlab-estudio-arquitectura-mallorca-proyecto-casa-u-7&#8243; title_text=&#8220;6 v garaje&#8220; _builder_version=&#8220;4.27.4&#8243; _module_preset=&#8220;default&#8220; global_colors_info=&#8220;{}&#8220;][\/et_pb_image][et_pb_image src=&#8220;https:\/\/ar-lab.es\/wp-content\/uploads\/2025\/06\/7-lateral-derecho.jpg&#8220; alt=&#8220;arlab-estudio-arquitectura-mallorca-proyecto-casa-u-8&#8243; title_text=&#8220;7 lateral derecho&#8220; _builder_version=&#8220;4.27.4&#8243; _module_preset=&#8220;default&#8220; global_colors_info=&#8220;{}&#8220;][\/et_pb_image][et_pb_image src=&#8220;https:\/\/ar-lab.es\/wp-content\/uploads\/2025\/06\/8-portales-calle.jpg&#8220; alt=&#8220;arlab-estudio-arquitectura-mallorca-proyecto-casa-u-9&#8243; title_text=&#8220;8 portales calle&#8220; _builder_version=&#8220;4.27.4&#8243; _module_preset=&#8220;default&#8220; global_colors_info=&#8220;{}&#8220;][\/et_pb_image][et_pb_image src=&#8220;https:\/\/ar-lab.es\/wp-content\/uploads\/2025\/06\/9-vista-cocina-scaled.jpg&#8220; alt=&#8220;arlab-estudio-arquitectura-mallorca-proyecto-casa-u-10&#8243; title_text=&#8220;9 vista cocina&#8220; _builder_version=&#8220;4.27.4&#8243; _module_preset=&#8220;default&#8220; global_colors_info=&#8220;{}&#8220;][\/et_pb_image][et_pb_image src=&#8220;https:\/\/ar-lab.es\/wp-content\/uploads\/2025\/06\/10-chimenea-scaled.jpeg&#8220; alt=&#8220;arlab-estudio-arquitectura-mallorca-proyecto-casa-u-11&#8243; title_text=&#8220;10 chimenea&#8220; _builder_version=&#8220;4.27.4&#8243; _module_preset=&#8220;default&#8220; global_colors_info=&#8220;{}&#8220;][\/et_pb_image][et_pb_image src=&#8220;https:\/\/ar-lab.es\/wp-content\/uploads\/2025\/06\/11-BBQ-scaled.jpeg&#8220; alt=&#8220;arlab-estudio-arquitectura-mallorca-proyecto-casa-u-12&#8243; title_text=&#8220;11 BBQ&#8220; _builder_version=&#8220;4.27.4&#8243; _module_preset=&#8220;default&#8220; global_colors_info=&#8220;{}&#8220;][\/et_pb_image][et_pb_image src=&#8220;https:\/\/ar-lab.es\/wp-content\/uploads\/2025\/06\/12-v-dorm.p-baja-scaled.jpg&#8220; alt=&#8220;arlab-estudio-arquitectura-mallorca-proyecto-casa-u-13&#8243; title_text=&#8220;12 v dorm.p baja&#8220; _builder_version=&#8220;4.27.4&#8243; _module_preset=&#8220;default&#8220; global_colors_info=&#8220;{}&#8220;][\/et_pb_image][et_pb_image src=&#8220;https:\/\/ar-lab.es\/wp-content\/uploads\/2025\/06\/13escalera-scaled.jpg&#8220; alt=&#8220;arlab-estudio-arquitectura-mallorca-proyecto-casa-u-14&#8243; title_text=&#8220;13escalera&#8220; _builder_version=&#8220;4.27.4&#8243; _module_preset=&#8220;default&#8220; global_colors_info=&#8220;{}&#8220;][\/et_pb_image][et_pb_image src=&#8220;https:\/\/ar-lab.es\/wp-content\/uploads\/2025\/06\/14-estructura-v.aerea_.jpg&#8220; alt=&#8220;arlab-estudio-arquitectura-mallorca-proyecto-casa-u-15&#8243; title_text=&#8220;14 estructura v.aerea&#8220; _builder_version=&#8220;4.27.4&#8243; _module_preset=&#8220;default&#8220; global_colors_info=&#8220;{}&#8220;][\/et_pb_image][et_pb_image src=&#8220;https:\/\/ar-lab.es\/wp-content\/uploads\/2025\/06\/arlab-imagen-obra-casa-u.png&#8220; alt=&#8220;arlab-estudio-arquitectura-mallorca-proyecto-casa-u-16&#8243; title_text=&#8220;arlab-imagen-obra-casa-u&#8220; _builder_version=&#8220;4.27.4&#8243; _module_preset=&#8220;default&#8220; global_colors_info=&#8220;{}&#8220;][\/et_pb_image][et_pb_image src=&#8220;https:\/\/ar-lab.es\/wp-content\/uploads\/2025\/06\/16-CALA-SERENA1-scaled.jpg&#8220; alt=&#8220;arlab-estudio-arquitectura-mallorca-proyecto-casa-u-20&#8243; title_text=&#8220;16-CALA SERENA1&#8243; _builder_version=&#8220;4.27.4&#8243; _module_preset=&#8220;default&#8220; global_colors_info=&#8220;{}&#8220;][\/et_pb_image][et_pb_image src=&#8220;https:\/\/ar-lab.es\/wp-content\/uploads\/2025\/06\/17-CALA-SERENA-2-scaled.jpg&#8220; alt=&#8220;arlab-estudio-arquitectura-mallorca-proyecto-casa-u-21&#8243; title_text=&#8220;17-CALA SERENA 2&#8243; _builder_version=&#8220;4.27.4&#8243; _module_preset=&#8220;default&#8220; global_colors_info=&#8220;{}&#8220;][\/et_pb_image][et_pb_image src=&#8220;https:\/\/ar-lab.es\/wp-content\/uploads\/2025\/06\/18-CALA-SERENA-3-scaled.jpg&#8220; alt=&#8220;arlab-estudio-arquitectura-mallorca-proyecto-casa-u-22&#8243; title_text=&#8220;18-CALA SERENA 3&#8243; _builder_version=&#8220;4.27.4&#8243; _module_preset=&#8220;default&#8220; global_colors_info=&#8220;{}&#8220;][\/et_pb_image][et_pb_image src=&#8220;https:\/\/ar-lab.es\/wp-content\/uploads\/2025\/06\/19-CALA-SERENA-4-scaled.jpg&#8220; alt=&#8220;arlab-estudio-arquitectura-mallorca-proyecto-casa-u-23&#8243; title_text=&#8220;19-CALA SERENA 4&#8243; _builder_version=&#8220;4.27.4&#8243; _module_preset=&#8220;default&#8220; global_colors_info=&#8220;{}&#8220;][\/et_pb_image][et_pb_image src=&#8220;https:\/\/ar-lab.es\/wp-content\/uploads\/2025\/06\/20-CALA-SERENA-5-scaled.jpg&#8220; alt=&#8220;arlab-estudio-arquitectura-mallorca-proyecto-casa-u-24&#8243; title_text=&#8220;20-CALA SERENA 5&#8243; _builder_version=&#8220;4.27.4&#8243; _module_preset=&#8220;default&#8220; global_colors_info=&#8220;{}&#8220;][\/et_pb_image][et_pb_image src=&#8220;https:\/\/ar-lab.es\/wp-content\/uploads\/2025\/06\/21-CALA-SERENA-6-scaled.jpg&#8220; alt=&#8220;arlab-estudio-arquitectura-mallorca-proyecto-casa-u-24&#8243; title_text=&#8220;21-CALA SERENA 6&#8243; _builder_version=&#8220;4.27.4&#8243; _module_preset=&#8220;default&#8220; global_colors_info=&#8220;{}&#8220;][\/et_pb_image][et_pb_image src=&#8220;https:\/\/ar-lab.es\/wp-content\/uploads\/2025\/06\/22-CALA-SERENA-7-scaled.jpg&#8220; alt=&#8220;arlab-estudio-arquitectura-mallorca-proyecto-casa-u-24&#8243; title_text=&#8220;22-CALA SERENA 7&#8243; _builder_version=&#8220;4.27.4&#8243; _module_preset=&#8220;default&#8220; global_colors_info=&#8220;{}&#8220;][\/et_pb_image][et_pb_image src=&#8220;https:\/\/ar-lab.es\/wp-content\/uploads\/2025\/06\/23-CALA-SERENA-8-scaled.jpg&#8220; alt=&#8220;arlab-estudio-arquitectura-mallorca-proyecto-casa-u-24&#8243; title_text=&#8220;23-CALA SERENA 8&#8243; _builder_version=&#8220;4.27.4&#8243; _module_preset=&#8220;default&#8220; global_colors_info=&#8220;{}&#8220;][\/et_pb_image][\/et_pb_column][\/et_pb_row][\/et_pb_section]<\/p>\n","protected":false},"excerpt":{"rendered":"<p>Projekt &#8211; Haus UNeubau eines Einfamilienhauses mit Schwimmbad an der Strandpromenade Standort: Cala Serena Der Blick aufs Meer, die Ausrichtung und das unregelm\u00e4\u00dfig geformte Grundst\u00fcck waren die Ausgangsbedingungen f\u00fcr dieses Projekt. Durch ein interessantes Spiel mit den Volumina wird ein attraktives Geb\u00e4ude mit einem modernen Erscheinungsbild geschaffen. Das Geb\u00e4ude teilt den Au\u00dfenbereich in zwei Bereiche, [&hellip;]<\/p>\n","protected":false},"author":1,"featured_media":0,"parent":0,"menu_order":0,"comment_status":"closed","ping_status":"closed","template":"","meta":{"_et_pb_use_builder":"on","_et_pb_old_content":"","_et_gb_content_width":"","om_disable_all_campaigns":false,"_monsterinsights_skip_tracking":false,"_monsterinsights_sitenote_active":false,"_monsterinsights_sitenote_note":"","_monsterinsights_sitenote_category":0,"footnotes":""},"class_list":["post-570","page","type-page","status-publish","hentry"],"aioseo_notices":[],"_links":{"self":[{"href":"https:\/\/ar-lab.es\/de\/wp-json\/wp\/v2\/pages\/570","targetHints":{"allow":["GET"]}}],"collection":[{"href":"https:\/\/ar-lab.es\/de\/wp-json\/wp\/v2\/pages"}],"about":[{"href":"https:\/\/ar-lab.es\/de\/wp-json\/wp\/v2\/types\/page"}],"author":[{"embeddable":true,"href":"https:\/\/ar-lab.es\/de\/wp-json\/wp\/v2\/users\/1"}],"replies":[{"embeddable":true,"href":"https:\/\/ar-lab.es\/de\/wp-json\/wp\/v2\/comments?post=570"}],"version-history":[{"count":17,"href":"https:\/\/ar-lab.es\/de\/wp-json\/wp\/v2\/pages\/570\/revisions"}],"predecessor-version":[{"id":2481,"href":"https:\/\/ar-lab.es\/de\/wp-json\/wp\/v2\/pages\/570\/revisions\/2481"}],"wp:attachment":[{"href":"https:\/\/ar-lab.es\/de\/wp-json\/wp\/v2\/media?parent=570"}],"curies":[{"name":"wp","href":"https:\/\/api.w.org\/{rel}","templated":true}]}}