{"id":557,"date":"2025-05-22T11:23:34","date_gmt":"2025-05-22T11:23:34","guid":{"rendered":"https:\/\/ar-lab.es\/haus-h1\/"},"modified":"2025-07-01T10:55:13","modified_gmt":"2025-07-01T10:55:13","slug":"haus-h1","status":"publish","type":"page","link":"https:\/\/ar-lab.es\/de\/haus-h1\/","title":{"rendered":"Haus H1"},"content":{"rendered":"<p>[et_pb_section fb_built=&#8220;1&#8243; _builder_version=&#8220;4.27.4&#8243; _module_preset=&#8220;default&#8220; use_background_color_gradient=&#8220;on&#8220; background_color_gradient_type=&#8220;conic&#8220; background_color_gradient_stops=&#8220;#0a0a0a 0%|#8e8e8e 100%&#8220; background_image=&#8220;https:\/\/ar-lab.es\/wp-content\/uploads\/2025\/05\/CASA-H1.png&#8220; background_blend=&#8220;soft-light&#8220; custom_padding=&#8220;30px||30px||true|&#8220; global_colors_info=&#8220;{}&#8220;][et_pb_row _builder_version=&#8220;4.27.4&#8243; _module_preset=&#8220;default&#8220; global_colors_info=&#8220;{}&#8220;][et_pb_column type=&#8220;4_4&#8243; _builder_version=&#8220;4.27.4&#8243; _module_preset=&#8220;default&#8220; global_colors_info=&#8220;{}&#8220;][et_pb_text _builder_version=&#8220;4.27.4&#8243; _module_preset=&#8220;default&#8220; header_font=&#8220;&#8211;et_global_heading_font|300||on|||||&#8220; header_text_color=&#8220;#FFFFFF&#8220; header_font_size=&#8220;40px&#8220; global_colors_info=&#8220;{}&#8220;]<\/p>\n<h1>Projekt <strong>&#8211;<\/strong> <strong>Haus H1<\/strong><\/h1>\n<p>[\/et_pb_text][\/et_pb_column][\/et_pb_row][\/et_pb_section][et_pb_section fb_built=&#8220;1&#8243; _builder_version=&#8220;4.27.4&#8243; _module_preset=&#8220;default&#8220; custom_padding=&#8220;40px||13px|||&#8220; hover_enabled=&#8220;0&#8243; global_colors_info=&#8220;{}&#8220; sticky_enabled=&#8220;0&#8243;][et_pb_row column_structure=&#8220;1_3,2_3&#8243; use_custom_gutter=&#8220;on&#8220; gutter_width=&#8220;2&#8243; _builder_version=&#8220;4.27.4&#8243; _module_preset=&#8220;default&#8220; width=&#8220;90%&#8220; max_width=&#8220;90%&#8220; global_colors_info=&#8220;{}&#8220;][et_pb_column type=&#8220;1_3&#8243; _builder_version=&#8220;4.27.4&#8243; _module_preset=&#8220;default&#8220; global_colors_info=&#8220;{}&#8220;][et_pb_text _builder_version=&#8220;4.27.4&#8243; _module_preset=&#8220;default&#8220; text_font=&#8220;|300|||||||&#8220; header_2_font=&#8220;|600|||||||&#8220; header_2_line_height=&#8220;1.2em&#8220; global_colors_info=&#8220;{}&#8220;]<\/p>\n<h2>Renovierungsprojekt eines Einfamilienhauses<\/h2>\n<p><span style=\"color: #7eb199;\"><strong>Standort<\/strong><\/span>: Palma<\/p>\n<p>Die Immobilie befindet sich in dem emblematischen Viertel El Terreno. Die Geb\u00e4ude in diesem Viertel zeichnen sich durch ihre klassische Sprache aus. Das Projekt zielt darauf ab, sich in die Umgebung einzuf\u00fcgen und den klassischen Stil mit modernen Nuancen zu verschmelzen.  <\/p>\n<p>Bei diesem Haus wurde auf jedes Detail geachtet, um einzigartige Elemente zu schaffen. Vor allem die Eisenelemente wie Gel\u00e4nder, Treppen, Pergolen, Veranda und Eisenfenster stechen hervor. <\/p>\n<p>Die dunklen Eisenelemente stehen im Kontrast zu den restlichen Elementen in hellen Farbt\u00f6nen und verleihen dem Gesamtbild eine besondere Eleganz. Die B\u00f6den in der gesamten Immobilie, sowie die B\u00e4der, sind aus Naturstein. <\/p>\n<p>In Kombination mit dem Nussbaumholz und den hellen Farben entsteht eine gem\u00fctliche und gleichzeitig zeitgen\u00f6ssische Atmosph\u00e4re.<\/p>\n<p>Die speziell ausgew\u00e4hlte Farbpalette wurde sowohl f\u00fcr den Au\u00dfen- als auch f\u00fcr den Innenbereich verwendet, um Architektur, Innenarchitektur und Landschaftsgestaltung in einem Konzept zu vereinen.<\/p>\n<p>Ein Teil des Auftrags war die Neuordnung und Gestaltung der Au\u00dfenbereiche. Im unteren Garten wurde ein Outdoor-SPA-Bereich mit Schwimmbad, Whirlpool und Sauna geschaffen, die durch Terrassen auf verschiedenen Ebenen und Gartenbereiche miteinander verbunden sind und eine Oasenatmosph\u00e4re schaffen. <\/p>\n<p>Ein einzigartiges Element ist der Infinity-Pool, der \u00fcber die gesamte L\u00e4nge mit einer Glasfront versehen ist und so eine visuelle Kommunikation zwischen den verschiedenen Ebenen erm\u00f6glicht. Ein besonderes Detail ist das Bullauge der Sauna, das eine visuelle Kommunikation mit dem Boden des Pools erm\u00f6glicht. Auf der Dachterrasse befindet sich eine Au\u00dfenk\u00fcche mit Grill und ein Chill-out-Bereich, von dem aus man einen spektakul\u00e4ren Blick auf die Bucht von Palma genie\u00dfen kann.  <\/p>\n<p>[\/et_pb_text][et_pb_button button_url=&#8220;https:\/\/ar-lab.es\/de\/kontakt\/&#8220; url_new_window=&#8220;on&#8220; button_text=&#8220;kontaktieren Sie uns&#8220; _builder_version=&#8220;4.27.4&#8243; _module_preset=&#8220;default&#8220; custom_button=&#8220;on&#8220; button_text_size=&#8220;18px&#8220; button_border_width=&#8220;2px&#8220; button_border_color=&#8220;#7EB199&#8243; button_border_radius=&#8220;2px&#8220; button_font=&#8220;&#8211;et_global_body_font|300||on|||||&#8220; button_icon=&#8220;&#xf5ae;||fa||900&#8243; global_colors_info=&#8220;{}&#8220; button_text_color__hover_enabled=&#8220;on|hover&#8220; button_text_color__hover=&#8220;#FFFFFF&#8220; button_bg_color__hover_enabled=&#8220;on|hover&#8220; button_bg_color__hover=&#8220;#7EB199&#8243; button_bg_enable_color__hover=&#8220;on&#8220; button_border_width__hover_enabled=&#8220;on|hover&#8220; button_border_color__hover_enabled=&#8220;on|desktop&#8220; button_border_radius__hover_enabled=&#8220;on|desktop&#8220; button_border_width__hover=&#8220;2px&#8220; button_border_color__hover=&#8220;#7EB199&#8243; button_border_radius__hover=&#8220;2px&#8220;][\/et_pb_button][\/et_pb_column][et_pb_column type=&#8220;2_3&#8243; _builder_version=&#8220;4.27.4&#8243; _module_preset=&#8220;default&#8220; global_colors_info=&#8220;{}&#8220;][et_pb_image src=&#8220;https:\/\/ar-lab.es\/wp-content\/uploads\/2025\/06\/L1-scaled.jpg&#8220; _builder_version=&#8220;4.27.4&#8243; _module_preset=&#8220;default&#8220; custom_margin=&#8220;|||3px||&#8220; hover_enabled=&#8220;0&#8243; global_colors_info=&#8220;{}&#8220; title_text=&#8220;L1&#8243; sticky_enabled=&#8220;0&#8243;][\/et_pb_image][et_pb_image src=&#8220;https:\/\/ar-lab.es\/wp-content\/uploads\/2025\/06\/L2m-scaled.jpg&#8220; alt=&#8220;arlab-estudio-arquitectura-mallorca-proyecto-casa-h1-2&#8243; title_text=&#8220;L2m&#8220; _builder_version=&#8220;4.27.4&#8243; _module_preset=&#8220;default&#8220; hover_enabled=&#8220;0&#8243; global_colors_info=&#8220;{}&#8220; sticky_enabled=&#8220;0&#8243;][\/et_pb_image][et_pb_image src=&#8220;https:\/\/ar-lab.es\/wp-content\/uploads\/2025\/06\/L17-scaled.jpg&#8220; alt=&#8220;arlab-estudio-arquitectura-mallorca-proyecto-casa-h1-3&#8243; title_text=&#8220;L17&#8243; _builder_version=&#8220;4.27.4&#8243; _module_preset=&#8220;default&#8220; hover_enabled=&#8220;0&#8243; global_colors_info=&#8220;{}&#8220; sticky_enabled=&#8220;0&#8243;][\/et_pb_image][et_pb_image src=&#8220;https:\/\/ar-lab.es\/wp-content\/uploads\/2025\/06\/L18-scaled.jpg&#8220; alt=&#8220;arlab-estudio-arquitectura-mallorca-proyecto-casa-h1-4&#8243; title_text=&#8220;L18&#8243; _builder_version=&#8220;4.27.4&#8243; _module_preset=&#8220;default&#8220; hover_enabled=&#8220;0&#8243; global_colors_info=&#8220;{}&#8220; sticky_enabled=&#8220;0&#8243;][\/et_pb_image][et_pb_image src=&#8220;https:\/\/ar-lab.es\/wp-content\/uploads\/2025\/06\/L19-scaled.jpg&#8220; alt=&#8220;arlab-estudio-arquitectura-mallorca-proyecto-casa-h1-5&#8243; title_text=&#8220;L19&#8243; _builder_version=&#8220;4.27.4&#8243; _module_preset=&#8220;default&#8220; hover_enabled=&#8220;0&#8243; global_colors_info=&#8220;{}&#8220; sticky_enabled=&#8220;0&#8243;][\/et_pb_image][et_pb_image src=&#8220;https:\/\/ar-lab.es\/wp-content\/uploads\/2025\/06\/L12m-scaled.jpg&#8220; alt=&#8220;arlab-estudio-arquitectura-mallorca-proyecto-casa-h1-7&#8243; title_text=&#8220;L12m&#8220; _builder_version=&#8220;4.27.4&#8243; _module_preset=&#8220;default&#8220; hover_enabled=&#8220;0&#8243; global_colors_info=&#8220;{}&#8220; sticky_enabled=&#8220;0&#8243;][\/et_pb_image][et_pb_image src=&#8220;https:\/\/ar-lab.es\/wp-content\/uploads\/2025\/06\/L13m-scaled.jpg&#8220; alt=&#8220;arlab-estudio-arquitectura-mallorca-proyecto-casa-h1-8&#8243; title_text=&#8220;L13m&#8220; _builder_version=&#8220;4.27.4&#8243; _module_preset=&#8220;default&#8220; hover_enabled=&#8220;0&#8243; global_colors_info=&#8220;{}&#8220; sticky_enabled=&#8220;0&#8243;][\/et_pb_image][et_pb_image src=&#8220;https:\/\/ar-lab.es\/wp-content\/uploads\/2025\/06\/L14m-scaled.jpg&#8220; alt=&#8220;arlab-estudio-arquitectura-mallorca-proyecto-casa-h1-9&#8243; title_text=&#8220;L14m&#8220; _builder_version=&#8220;4.27.4&#8243; _module_preset=&#8220;default&#8220; hover_enabled=&#8220;0&#8243; global_colors_info=&#8220;{}&#8220; sticky_enabled=&#8220;0&#8243;][\/et_pb_image][et_pb_image src=&#8220;https:\/\/ar-lab.es\/wp-content\/uploads\/2025\/06\/L15-scaled.jpg&#8220; alt=&#8220;arlab-estudio-arquitectura-mallorca-proyecto-casa-h1-10&#8243; title_text=&#8220;L15&#8243; _builder_version=&#8220;4.27.4&#8243; _module_preset=&#8220;default&#8220; hover_enabled=&#8220;0&#8243; global_colors_info=&#8220;{}&#8220; sticky_enabled=&#8220;0&#8243;][\/et_pb_image][et_pb_image src=&#8220;https:\/\/ar-lab.es\/wp-content\/uploads\/2025\/06\/L16m-scaled.jpg&#8220; alt=&#8220;arlab-estudio-arquitectura-mallorca-proyecto-casa-h1-11&#8243; title_text=&#8220;L16m&#8220; _builder_version=&#8220;4.27.4&#8243; _module_preset=&#8220;default&#8220; hover_enabled=&#8220;0&#8243; global_colors_info=&#8220;{}&#8220; sticky_enabled=&#8220;0&#8243;][\/et_pb_image][et_pb_image src=&#8220;https:\/\/ar-lab.es\/wp-content\/uploads\/2025\/06\/L10-scaled.jpg&#8220; alt=&#8220;arlab-estudio-arquitectura-mallorca-proyecto-casa-h1-12&#8243; title_text=&#8220;L10&#8243; _builder_version=&#8220;4.27.4&#8243; _module_preset=&#8220;default&#8220; hover_enabled=&#8220;0&#8243; global_colors_info=&#8220;{}&#8220; sticky_enabled=&#8220;0&#8243;][\/et_pb_image][et_pb_image src=&#8220;https:\/\/ar-lab.es\/wp-content\/uploads\/2025\/06\/L11m-scaled.jpg&#8220; alt=&#8220;arlab-estudio-arquitectura-mallorca-proyecto-casa-h1-13&#8243; title_text=&#8220;L11m&#8220; _builder_version=&#8220;4.27.4&#8243; _module_preset=&#8220;default&#8220; hover_enabled=&#8220;0&#8243; global_colors_info=&#8220;{}&#8220; sticky_enabled=&#8220;0&#8243;][\/et_pb_image][et_pb_image src=&#8220;https:\/\/ar-lab.es\/wp-content\/uploads\/2025\/06\/L6-scaled.jpg&#8220; alt=&#8220;arlab-estudio-arquitectura-mallorca-proyecto-casa-h1-14&#8243; title_text=&#8220;L6&#8243; _builder_version=&#8220;4.27.4&#8243; _module_preset=&#8220;default&#8220; hover_enabled=&#8220;0&#8243; global_colors_info=&#8220;{}&#8220; sticky_enabled=&#8220;0&#8243;][\/et_pb_image][et_pb_image src=&#8220;https:\/\/ar-lab.es\/wp-content\/uploads\/2025\/06\/L8m-scaled.jpg&#8220; alt=&#8220;arlab-estudio-arquitectura-mallorca-proyecto-casa-h1-15&#8243; title_text=&#8220;L8m&#8220; _builder_version=&#8220;4.27.4&#8243; _module_preset=&#8220;default&#8220; hover_enabled=&#8220;0&#8243; global_colors_info=&#8220;{}&#8220; sticky_enabled=&#8220;0&#8243;][\/et_pb_image][et_pb_image src=&#8220;https:\/\/ar-lab.es\/wp-content\/uploads\/2025\/06\/L9m-scaled.jpg&#8220; alt=&#8220;arlab-estudio-arquitectura-mallorca-proyecto-casa-h1-16&#8243; title_text=&#8220;L9m&#8220; _builder_version=&#8220;4.27.4&#8243; _module_preset=&#8220;default&#8220; hover_enabled=&#8220;0&#8243; global_colors_info=&#8220;{}&#8220; sticky_enabled=&#8220;0&#8243;][\/et_pb_image][et_pb_image src=&#8220;https:\/\/ar-lab.es\/wp-content\/uploads\/2025\/06\/L3m2-scaled.jpg&#8220; alt=&#8220;arlab-estudio-arquitectura-mallorca-proyecto-casa-h1-17&#8243; title_text=&#8220;L3m2&#8243; _builder_version=&#8220;4.27.4&#8243; _module_preset=&#8220;default&#8220; hover_enabled=&#8220;0&#8243; global_colors_info=&#8220;{}&#8220; sticky_enabled=&#8220;0&#8243;][\/et_pb_image][et_pb_image src=&#8220;https:\/\/ar-lab.es\/wp-content\/uploads\/2025\/06\/L4-scaled.jpg&#8220; alt=&#8220;arlab-estudio-arquitectura-mallorca-proyecto-casa-h1-18&#8243; title_text=&#8220;L4&#8243; _builder_version=&#8220;4.27.4&#8243; _module_preset=&#8220;default&#8220; hover_enabled=&#8220;0&#8243; global_colors_info=&#8220;{}&#8220; sticky_enabled=&#8220;0&#8243;][\/et_pb_image][et_pb_image src=&#8220;https:\/\/ar-lab.es\/wp-content\/uploads\/2025\/06\/L5-scaled.jpg&#8220; alt=&#8220;arlab-estudio-arquitectura-mallorca-proyecto-casa-h1-19&#8243; title_text=&#8220;L5&#8243; _builder_version=&#8220;4.27.4&#8243; _module_preset=&#8220;default&#8220; hover_enabled=&#8220;0&#8243; global_colors_info=&#8220;{}&#8220; sticky_enabled=&#8220;0&#8243;][\/et_pb_image][\/et_pb_column][\/et_pb_row][\/et_pb_section]<\/p>\n","protected":false},"excerpt":{"rendered":"<p>Projekt &#8211; Haus H1Renovierungsprojekt eines Einfamilienhauses Standort: Palma Die Immobilie befindet sich in dem emblematischen Viertel El Terreno. Die Geb\u00e4ude in diesem Viertel zeichnen sich durch ihre klassische Sprache aus. Das Projekt zielt darauf ab, sich in die Umgebung einzuf\u00fcgen und den klassischen Stil mit modernen Nuancen zu verschmelzen. Bei diesem Haus wurde auf jedes [&hellip;]<\/p>\n","protected":false},"author":1,"featured_media":0,"parent":0,"menu_order":0,"comment_status":"closed","ping_status":"closed","template":"","meta":{"_et_pb_use_builder":"on","_et_pb_old_content":"","_et_gb_content_width":"","om_disable_all_campaigns":false,"_monsterinsights_skip_tracking":false,"_monsterinsights_sitenote_active":false,"_monsterinsights_sitenote_note":"","_monsterinsights_sitenote_category":0,"footnotes":""},"class_list":["post-557","page","type-page","status-publish","hentry"],"aioseo_notices":[],"_links":{"self":[{"href":"https:\/\/ar-lab.es\/de\/wp-json\/wp\/v2\/pages\/557","targetHints":{"allow":["GET"]}}],"collection":[{"href":"https:\/\/ar-lab.es\/de\/wp-json\/wp\/v2\/pages"}],"about":[{"href":"https:\/\/ar-lab.es\/de\/wp-json\/wp\/v2\/types\/page"}],"author":[{"embeddable":true,"href":"https:\/\/ar-lab.es\/de\/wp-json\/wp\/v2\/users\/1"}],"replies":[{"embeddable":true,"href":"https:\/\/ar-lab.es\/de\/wp-json\/wp\/v2\/comments?post=557"}],"version-history":[{"count":27,"href":"https:\/\/ar-lab.es\/de\/wp-json\/wp\/v2\/pages\/557\/revisions"}],"predecessor-version":[{"id":2401,"href":"https:\/\/ar-lab.es\/de\/wp-json\/wp\/v2\/pages\/557\/revisions\/2401"}],"wp:attachment":[{"href":"https:\/\/ar-lab.es\/de\/wp-json\/wp\/v2\/media?parent=557"}],"curies":[{"name":"wp","href":"https:\/\/api.w.org\/{rel}","templated":true}]}}