{"id":1852,"date":"2025-05-15T10:00:41","date_gmt":"2025-05-15T10:00:41","guid":{"rendered":"https:\/\/ar-lab.es\/impressum\/"},"modified":"2025-06-11T09:46:04","modified_gmt":"2025-06-11T09:46:04","slug":"impressum","status":"publish","type":"page","link":"https:\/\/ar-lab.es\/de\/impressum\/","title":{"rendered":"Impressum"},"content":{"rendered":"<p>[et_pb_section fb_built=&#8220;1&#8243; theme_builder_area=&#8220;post_content&#8220; _builder_version=&#8220;4.27.4&#8243; _module_preset=&#8220;default&#8220; background_image=&#8220;https:\/\/ar-lab.es\/wp-content\/uploads\/2025\/05\/4.jpg&#8220; hover_enabled=&#8220;0&#8243; sticky_enabled=&#8220;0&#8243;][\/et_pb_section][et_pb_section fb_built=&#8220;1&#8243; theme_builder_area=&#8220;post_content&#8220; _builder_version=&#8220;4.27.4&#8243; _module_preset=&#8220;default&#8220;][et_pb_row _builder_version=&#8220;4.27.4&#8243; _module_preset=&#8220;default&#8220; theme_builder_area=&#8220;post_content&#8220;][et_pb_column _builder_version=&#8220;4.27.4&#8243; _module_preset=&#8220;default&#8220; type=&#8220;4_4&#8243; theme_builder_area=&#8220;post_content&#8220;][et_pb_text _builder_version=&#8220;4.27.4&#8243; _module_preset=&#8220;default&#8220; theme_builder_area=&#8220;post_content&#8220; header_font=&#8220;|300|||||||&#8220; header_font_size=&#8220;40px&#8220; text_font=&#8220;&#8211;et_global_body_font|300|||||||&#8220; hover_enabled=&#8220;0&#8243; sticky_enabled=&#8220;0&#8243;]<\/p>\n<h1>Impressum<\/h1>\n<p>&nbsp;<\/p>\n<p>In Erf\u00fcllung der Informationspflicht gem\u00e4\u00df Artikel 10 des Gesetzes 34\/2002 vom 11. Juli \u00fcber die Dienste der Informationsgesellschaft und den elektronischen Handel (LSSICE) informiert Sie der Eigent\u00fcmer der Website \u00fcber Folgendes:<\/p>\n<ul>\n<li><strong>Denominaci\u00f3n social:<\/strong> Juana Mar\u00eda Escalas Forteza<\/li>\n<li><strong>NIF:<\/strong> 18227241V<\/li>\n<li><strong>Domicilio:<\/strong> CALLE DE BERENGUER DE SAN JOAN n\u00fam 3, 1B, 07012, Baleares, Espa\u00f1a<\/li>\n<\/ul>\n<p>Im Rahmen der gesetzlichen Bestimmungen \u00fcbernimmt Juana Mar\u00eda Escalas Forteza keine Verantwortung f\u00fcr die Richtigkeit, Vollst\u00e4ndigkeit, Aktualisierung und Genauigkeit der auf ihren Webseiten enthaltenen Daten und Informationen.<\/p>\n<p>Die Inhalte und Informationen sind f\u00fcr Juana Mar\u00eda Escalas Forteza weder bindend noch stellen sie Meinungen, Ratschl\u00e4ge oder Rechtsberatung jeglicher Art dar, da es sich lediglich um einen Service handelt, der zu Informations- und Aufkl\u00e4rungszwecken angeboten wird.<\/p>\n<p>Die Internetseiten von Juana Mar\u00eda Escalas Forteza k\u00f6nnen Links zu anderen Seiten von Dritten enthalten, die Juana Mar\u00eda Escalas Forteza nicht kontrollieren kann. Daher kann Juana Mar\u00eda Escalas Forteza keine Verantwortung f\u00fcr die Inhalte \u00fcbernehmen, die auf den Internetseiten Dritter erscheinen. <\/p>\n<p>Die Texte, Bilder, T\u00f6ne, Animationen, Software und andere Inhalte dieser Website sind das ausschlie\u00dfliche Eigentum von Juana Mar\u00eda Escalas Forteza | Ar-Lab oder ihrer Lizenzgeber. Jegliche \u00dcbertragung, Verteilung, Weitergabe, Vervielf\u00e4ltigung, Speicherung oder vollst\u00e4ndige oder teilweise \u00f6ffentliche Bekanntmachung bedarf der ausdr\u00fccklichen Zustimmung von Juana Mar\u00eda Escalas Forteza | Ar-Lab. <\/p>\n<p>Ebenso m\u00fcssen Sie einige personenbezogene Daten angeben, um auf einige der Dienstleistungen zuzugreifen, die Juana Mar\u00eda Escalas Forteza | Ar-Lab \u00fcber die Website anbietet. In \u00dcbereinstimmung mit den Bestimmungen der Verordnung (EU) 2016\/679 des Europ\u00e4ischen Parlaments und des Rates vom 27. April 2016 zum Schutz nat\u00fcrlicher Personen bei der Verarbeitung personenbezogener Daten und zum freien Datenverkehr informieren wir Sie dar\u00fcber, dass Ihre personenbezogenen Daten durch das Ausf\u00fcllen dieser Formulare in den Dateien von Juana Mar\u00eda Escalas Forteza | Ar-Lab gespeichert und verarbeitet werden, um Ihnen unsere Dienstleistungen anzubieten und Sie \u00fcber Verbesserungen der Website zu informieren. <\/p>\n<p>Wir informieren Sie auch dar\u00fcber, dass Sie jederzeit Ihr Recht auf Zugang, Berichtigung, L\u00f6schung, Widerspruch, Einschr\u00e4nkung und \u00dcbertragbarkeit Ihrer personenbezogenen Daten kostenlos per E-Mail an escalas@ar-lab.es oder an die Adresse CALLE DE BERENGUER DE SAN JOAN n\u00fam 3, 1B, 07012, Balearen, Spanien, aus\u00fcben k\u00f6nnen.<\/p>\n<p>REV: 20.0211<\/p>\n<p>[\/et_pb_text][\/et_pb_column][\/et_pb_row][\/et_pb_section]<\/p>\n","protected":false},"excerpt":{"rendered":"<p>Impressum &nbsp; In Erf\u00fcllung der Informationspflicht gem\u00e4\u00df Artikel 10 des Gesetzes 34\/2002 vom 11. Juli \u00fcber die Dienste der Informationsgesellschaft und den elektronischen Handel (LSSICE) informiert Sie der Eigent\u00fcmer der Website \u00fcber Folgendes: Denominaci\u00f3n social: Juana Mar\u00eda Escalas Forteza NIF: 18227241V Domicilio: CALLE DE BERENGUER DE SAN JOAN n\u00fam 3, 1B, 07012, Baleares, Espa\u00f1a Im [&hellip;]<\/p>\n","protected":false},"author":1,"featured_media":0,"parent":0,"menu_order":0,"comment_status":"closed","ping_status":"closed","template":"","meta":{"_et_pb_use_builder":"on","_et_pb_old_content":"","_et_gb_content_width":"","om_disable_all_campaigns":false,"_monsterinsights_skip_tracking":false,"_monsterinsights_sitenote_active":false,"_monsterinsights_sitenote_note":"","_monsterinsights_sitenote_category":0,"footnotes":""},"class_list":["post-1852","page","type-page","status-publish","hentry"],"aioseo_notices":[],"_links":{"self":[{"href":"https:\/\/ar-lab.es\/de\/wp-json\/wp\/v2\/pages\/1852","targetHints":{"allow":["GET"]}}],"collection":[{"href":"https:\/\/ar-lab.es\/de\/wp-json\/wp\/v2\/pages"}],"about":[{"href":"https:\/\/ar-lab.es\/de\/wp-json\/wp\/v2\/types\/page"}],"author":[{"embeddable":true,"href":"https:\/\/ar-lab.es\/de\/wp-json\/wp\/v2\/users\/1"}],"replies":[{"embeddable":true,"href":"https:\/\/ar-lab.es\/de\/wp-json\/wp\/v2\/comments?post=1852"}],"version-history":[{"count":4,"href":"https:\/\/ar-lab.es\/de\/wp-json\/wp\/v2\/pages\/1852\/revisions"}],"predecessor-version":[{"id":1856,"href":"https:\/\/ar-lab.es\/de\/wp-json\/wp\/v2\/pages\/1852\/revisions\/1856"}],"wp:attachment":[{"href":"https:\/\/ar-lab.es\/de\/wp-json\/wp\/v2\/media?parent=1852"}],"curies":[{"name":"wp","href":"https:\/\/api.w.org\/{rel}","templated":true}]}}